{"id":6733,"date":"2021-05-19T12:02:45","date_gmt":"2021-05-19T10:02:45","guid":{"rendered":"https:\/\/meminto.com\/de\/?post_type=product&#038;p=6733"},"modified":"2023-04-25T16:46:37","modified_gmt":"2023-04-25T14:46:37","slug":"meminto-geschenkbox-lebensbuch","status":"publish","type":"product","link":"https:\/\/meminto.com\/de\/produkt\/meminto-geschenkbox-lebensbuch\/","title":{"rendered":"Meminto Geschenkbox Lebensbuch"},"content":{"rendered":"\t\t<div data-elementor-type=\"product-post\" data-elementor-id=\"6733\" class=\"elementor elementor-6733\" data-elementor-post-type=\"product\">\n\t\t\t\t\t\t<section class=\"elementor-section elementor-top-section elementor-element elementor-element-dd57571 elementor-section-stretched elementor-section-boxed elementor-section-height-default elementor-section-height-default\" data-id=\"dd57571\" data-element_type=\"section\" data-e-type=\"section\" data-settings=\"{&quot;background_background&quot;:&quot;classic&quot;,&quot;stretch_section&quot;:&quot;section-stretched&quot;}\">\n\t\t\t\t\t\t<div class=\"elementor-container elementor-column-gap-default\">\n\t\t\t\t\t<div class=\"elementor-column elementor-col-100 elementor-top-column elementor-element elementor-element-021b332\" data-id=\"021b332\" data-element_type=\"column\" data-e-type=\"column\">\n\t\t\t<div class=\"elementor-widget-wrap elementor-element-populated\">\n\t\t\t\t\t\t<div class=\"elementor-element elementor-element-7739ef5 .mem-section-title elementor-widget elementor-widget-heading\" data-id=\"7739ef5\" data-element_type=\"widget\" data-e-type=\"widget\" data-widget_type=\"heading.default\">\n\t\t\t\t<div class=\"elementor-widget-container\">\n\t\t\t\t\t<h3 class=\"elementor-heading-title elementor-size-default\">Verschenke Freude zum Anfassen.<\/h3>\t\t\t\t<\/div>\n\t\t\t\t<\/div>\n\t\t\t\t<div class=\"elementor-element elementor-element-1393db5 elementor-widget elementor-widget-spacer\" data-id=\"1393db5\" data-element_type=\"widget\" data-e-type=\"widget\" data-widget_type=\"spacer.default\">\n\t\t\t\t<div class=\"elementor-widget-container\">\n\t\t\t\t\t\t\t<div class=\"elementor-spacer\">\n\t\t\t<div class=\"elementor-spacer-inner\"><\/div>\n\t\t<\/div>\n\t\t\t\t\t\t<\/div>\n\t\t\t\t<\/div>\n\t\t\t\t<div class=\"elementor-element elementor-element-5644c91 elementor-widget elementor-widget-gallery\" data-id=\"5644c91\" data-element_type=\"widget\" data-e-type=\"widget\" data-settings=\"{&quot;columns_mobile&quot;:2,&quot;columns_tablet&quot;:4,&quot;aspect_ratio&quot;:&quot;1:1&quot;,&quot;overlay_title&quot;:&quot;title&quot;,&quot;gallery_layout&quot;:&quot;grid&quot;,&quot;columns&quot;:4,&quot;gap&quot;:{&quot;unit&quot;:&quot;px&quot;,&quot;size&quot;:10,&quot;sizes&quot;:[]},&quot;gap_widescreen&quot;:{&quot;unit&quot;:&quot;px&quot;,&quot;size&quot;:&quot;&quot;,&quot;sizes&quot;:[]},&quot;gap_tablet&quot;:{&quot;unit&quot;:&quot;px&quot;,&quot;size&quot;:10,&quot;sizes&quot;:[]},&quot;gap_mobile&quot;:{&quot;unit&quot;:&quot;px&quot;,&quot;size&quot;:10,&quot;sizes&quot;:[]},&quot;link_to&quot;:&quot;file&quot;,&quot;overlay_background&quot;:&quot;yes&quot;,&quot;content_hover_animation&quot;:&quot;fade-in&quot;}\" data-widget_type=\"gallery.default\">\n\t\t\t\t<div class=\"elementor-widget-container\">\n\t\t\t\t\t\t\t<div class=\"elementor-gallery__container\">\n\t\t\t\t\t\t\t<a class=\"e-gallery-item elementor-gallery-item elementor-animated-content\" href=\"https:\/\/meminto.com\/de\/wp-content\/uploads\/sites\/2\/2020\/12\/Meminto-Stories-Geschenkboxen-1.jpg\" data-elementor-open-lightbox=\"yes\" data-elementor-lightbox-slideshow=\"5644c91\" data-elementor-lightbox-title=\"Boxen \u00dcbersicht\" data-e-action-hash=\"#elementor-action%3Aaction%3Dlightbox%26settings%3DeyJpZCI6NDMxNCwidXJsIjoiaHR0cHM6XC9cL21lbWludG8uY29tXC9kZVwvd3AtY29udGVudFwvdXBsb2Fkc1wvc2l0ZXNcLzJcLzIwMjBcLzEyXC9NZW1pbnRvLVN0b3JpZXMtR2VzY2hlbmtib3hlbi0xLmpwZyIsInNsaWRlc2hvdyI6IjU2NDRjOTEifQ%3D%3D\">\n\t\t\t\t\t<div class=\"e-gallery-image elementor-gallery-item__image\" data-thumbnail=\"https:\/\/meminto.com\/de\/wp-content\/uploads\/sites\/2\/2020\/12\/Meminto-Stories-Geschenkboxen-1-768x576.jpg\" data-width=\"768\" data-height=\"576\" aria-label=\"\" role=\"img\" ><\/div>\n\t\t\t\t\t\t\t\t\t\t\t<div class=\"elementor-gallery-item__overlay\"><\/div>\n\t\t\t\t\t\t\t\t\t\t\t\t\t\t\t<div class=\"elementor-gallery-item__content\">\n\t\t\t\t\t\t\t\t\t\t\t\t\t\t<div class=\"elementor-gallery-item__title\">\n\t\t\t\t\t\t\t\t\t\t\t\t\t\t\t\t\t\tBoxen \u00dcbersicht\t\t\t\t\t\t\t\t<\/div>\n\t\t\t\t\t\t\t\t\t\t\t\t<\/div>\n\t\t\t\t\t\t\t\t\t<\/a>\n\t\t\t\t\t\t\t<a class=\"e-gallery-item elementor-gallery-item elementor-animated-content\" href=\"https:\/\/meminto.com\/de\/wp-content\/uploads\/sites\/2\/2020\/12\/PlayingCardsMockups-08_wohnzimmer.jpg\" data-elementor-open-lightbox=\"yes\" data-elementor-lightbox-slideshow=\"5644c91\" data-elementor-lightbox-title=\"Kartendeck\" data-e-action-hash=\"#elementor-action%3Aaction%3Dlightbox%26settings%3DeyJpZCI6NDMxNywidXJsIjoiaHR0cHM6XC9cL21lbWludG8uY29tXC9kZVwvd3AtY29udGVudFwvdXBsb2Fkc1wvc2l0ZXNcLzJcLzIwMjBcLzEyXC9QbGF5aW5nQ2FyZHNNb2NrdXBzLTA4X3dvaG56aW1tZXIuanBnIiwic2xpZGVzaG93IjoiNTY0NGM5MSJ9\">\n\t\t\t\t\t<div class=\"e-gallery-image elementor-gallery-item__image\" data-thumbnail=\"https:\/\/meminto.com\/de\/wp-content\/uploads\/sites\/2\/2020\/12\/PlayingCardsMockups-08_wohnzimmer-768x768.jpg\" data-width=\"768\" data-height=\"768\" aria-label=\"\" role=\"img\" ><\/div>\n\t\t\t\t\t\t\t\t\t\t\t<div class=\"elementor-gallery-item__overlay\"><\/div>\n\t\t\t\t\t\t\t\t\t\t\t\t\t\t\t<div class=\"elementor-gallery-item__content\">\n\t\t\t\t\t\t\t\t\t\t\t\t\t\t<div class=\"elementor-gallery-item__title\">\n\t\t\t\t\t\t\t\t\t\t\t\t\t\t\t\t\t\tKartendeck\t\t\t\t\t\t\t\t<\/div>\n\t\t\t\t\t\t\t\t\t\t\t\t<\/div>\n\t\t\t\t\t\t\t\t\t<\/a>\n\t\t\t\t\t\t\t<a class=\"e-gallery-item elementor-gallery-item elementor-animated-content\" href=\"https:\/\/meminto.com\/de\/wp-content\/uploads\/sites\/2\/2020\/12\/IMG_3631.jpg\" data-elementor-open-lightbox=\"yes\" data-elementor-lightbox-slideshow=\"5644c91\" data-elementor-lightbox-title=\"IMG_3631\" data-e-action-hash=\"#elementor-action%3Aaction%3Dlightbox%26settings%3DeyJpZCI6NDI1MSwidXJsIjoiaHR0cHM6XC9cL21lbWludG8uY29tXC9kZVwvd3AtY29udGVudFwvdXBsb2Fkc1wvc2l0ZXNcLzJcLzIwMjBcLzEyXC9JTUdfMzYzMS5qcGciLCJzbGlkZXNob3ciOiI1NjQ0YzkxIn0%3D\">\n\t\t\t\t\t<div class=\"e-gallery-image elementor-gallery-item__image\" data-thumbnail=\"https:\/\/meminto.com\/de\/wp-content\/uploads\/sites\/2\/2020\/12\/IMG_3631-768x768.jpg\" data-width=\"768\" data-height=\"768\" aria-label=\"\" role=\"img\" ><\/div>\n\t\t\t\t\t\t\t\t\t\t\t<div class=\"elementor-gallery-item__overlay\"><\/div>\n\t\t\t\t\t\t\t\t\t\t\t\t\t\t\t<div class=\"elementor-gallery-item__content\">\n\t\t\t\t\t\t\t\t\t\t\t\t\t\t<div class=\"elementor-gallery-item__title\">\n\t\t\t\t\t\t\t\t\t\t\t\t\t\t\t\t\t\tIMG_3631\t\t\t\t\t\t\t\t<\/div>\n\t\t\t\t\t\t\t\t\t\t\t\t<\/div>\n\t\t\t\t\t\t\t\t\t<\/a>\n\t\t\t\t\t\t\t<a class=\"e-gallery-item elementor-gallery-item elementor-animated-content\" href=\"https:\/\/meminto.com\/de\/wp-content\/uploads\/sites\/2\/2020\/12\/IMG_3638.jpg\" data-elementor-open-lightbox=\"yes\" data-elementor-lightbox-slideshow=\"5644c91\" data-elementor-lightbox-title=\"Der Meminto Sprout Bleistift\" data-e-action-hash=\"#elementor-action%3Aaction%3Dlightbox%26settings%3DeyJpZCI6NDMxNSwidXJsIjoiaHR0cHM6XC9cL21lbWludG8uY29tXC9kZVwvd3AtY29udGVudFwvdXBsb2Fkc1wvc2l0ZXNcLzJcLzIwMjBcLzEyXC9JTUdfMzYzOC5qcGciLCJzbGlkZXNob3ciOiI1NjQ0YzkxIn0%3D\">\n\t\t\t\t\t<div class=\"e-gallery-image elementor-gallery-item__image\" data-thumbnail=\"https:\/\/meminto.com\/de\/wp-content\/uploads\/sites\/2\/2020\/12\/IMG_3638-768x768.jpg\" data-width=\"768\" data-height=\"768\" aria-label=\"\" role=\"img\" ><\/div>\n\t\t\t\t\t\t\t\t\t\t\t<div class=\"elementor-gallery-item__overlay\"><\/div>\n\t\t\t\t\t\t\t\t\t\t\t\t\t\t\t<div class=\"elementor-gallery-item__content\">\n\t\t\t\t\t\t\t\t\t\t\t\t\t\t<div class=\"elementor-gallery-item__title\">\n\t\t\t\t\t\t\t\t\t\t\t\t\t\t\t\t\t\tDer Meminto Sprout Bleistift\t\t\t\t\t\t\t\t<\/div>\n\t\t\t\t\t\t\t\t\t\t\t\t<\/div>\n\t\t\t\t\t\t\t\t\t<\/a>\n\t\t\t\t\t<\/div>\n\t\t\t\t\t<\/div>\n\t\t\t\t<\/div>\n\t\t\t\t<div class=\"elementor-element elementor-element-0657928 elementor-widget elementor-widget-text-editor\" data-id=\"0657928\" data-element_type=\"widget\" data-e-type=\"widget\" data-widget_type=\"text-editor.default\">\n\t\t\t\t<div class=\"elementor-widget-container\">\n\t\t\t\t\t\t\t\t\t<p>Unsere hochwertigen Boxen machen lange Freude und sind auch <strong>gut als Aufbewahrung f\u00fcr Erinnerungen &amp; Fotos geeignet<\/strong>. Jede Box beinhaltet einen &#8220;lebendigen&#8221; Sprout Stift mit Samen f\u00fcr eine erstaunliche \u00dcberraschung und eine Karte mit dem Aktivierungscode f\u00fcr das Buch. Zus\u00e4tzlich legen wir beim Lebensbuch ein tolles Kartendeck bei. So sind bei Familien- und Freundestreffen <strong>tief gehende Gespr\u00e4che garantiert<\/strong> \u2013 und man lernt sich nochmals besser kennen! Das Kartendeck ist \u00fcbrigens auch separat erh\u00e4ltlich.<\/p>\t\t\t\t\t\t\t\t<\/div>\n\t\t\t\t<\/div>\n\t\t\t\t\t<\/div>\n\t\t<\/div>\n\t\t\t\t\t<\/div>\n\t\t<\/section>\n\t\t\t\t<\/div>\n\t\t","protected":false},"excerpt":{"rendered":"<p>Die Meminto Stories Geschenkbox mit unserem eingepr\u00e4gten Slogan &#8220;<em><strong>Das Leben schreibt Geschichten<\/strong><\/em>&#8221; beinhaltet zwar noch kein Buch \u2013 in Kombination mit einem Aktivierungscode, <a href=\"https:\/\/meminto.com\/de\/produkt\/meminto-geschenkbox-lebensbuch\/\">der separat erh\u00e4ltlich ist<\/a>, wird das Meminto Stories Erlebnis aber komplett! Kaufe diese Box, wenn du schon einen Aktivierungscode hast oder diesen sp\u00e4ter bestellen m\u00f6chtest.<\/p>\n<p><strong>Ma\u00dfe (H\/B\/T):<\/strong> 23,1cm \/ 13,8cm \/ 3,4cm<br \/>\n<strong>Material:<\/strong> Hochwertiger Leinenpapier-Bezug in schiefergrau (dunkel) oder braungrau (hell) auf hartem Karton (langlebig und wiederverwendbar)<br \/>\n<strong>Inhalt:<\/strong> 1 Aktivierungskarte (ohne Code), 1 Meminto Sprout Bleistift (Vergissmeinnicht), 1 Meminto Stories Kartenset &#8220;Lebensfragen&#8221;<\/p>\n","protected":false},"featured_media":7343,"template":"","meta":{"_acf_changed":false,"ocean_post_layout":"","ocean_both_sidebars_style":"","ocean_both_sidebars_content_width":0,"ocean_both_sidebars_sidebars_width":0,"ocean_sidebar":"0","ocean_second_sidebar":"0","ocean_disable_margins":"enable","ocean_add_body_class":"","ocean_shortcode_before_top_bar":"","ocean_shortcode_after_top_bar":"","ocean_shortcode_before_header":"","ocean_shortcode_after_header":"","ocean_has_shortcode":"","ocean_shortcode_after_title":"","ocean_shortcode_before_footer_widgets":"","ocean_shortcode_after_footer_widgets":"","ocean_shortcode_before_footer_bottom":"","ocean_shortcode_after_footer_bottom":"","ocean_display_top_bar":"default","ocean_display_header":"default","ocean_header_style":"","ocean_center_header_left_menu":"0","ocean_custom_header_template":"0","ocean_custom_logo":0,"ocean_custom_retina_logo":0,"ocean_custom_logo_max_width":0,"ocean_custom_logo_tablet_max_width":0,"ocean_custom_logo_mobile_max_width":0,"ocean_custom_logo_max_height":0,"ocean_custom_logo_tablet_max_height":0,"ocean_custom_logo_mobile_max_height":0,"ocean_header_custom_menu":"0","ocean_menu_typo_font_family":"0","ocean_menu_typo_font_subset":"","ocean_menu_typo_font_size":0,"ocean_menu_typo_font_size_tablet":0,"ocean_menu_typo_font_size_mobile":0,"ocean_menu_typo_font_size_unit":"px","ocean_menu_typo_font_weight":"","ocean_menu_typo_font_weight_tablet":"","ocean_menu_typo_font_weight_mobile":"","ocean_menu_typo_transform":"","ocean_menu_typo_transform_tablet":"","ocean_menu_typo_transform_mobile":"","ocean_menu_typo_line_height":0,"ocean_menu_typo_line_height_tablet":0,"ocean_menu_typo_line_height_mobile":0,"ocean_menu_typo_line_height_unit":"","ocean_menu_typo_spacing":0,"ocean_menu_typo_spacing_tablet":0,"ocean_menu_typo_spacing_mobile":0,"ocean_menu_typo_spacing_unit":"","ocean_menu_link_color":"","ocean_menu_link_color_hover":"","ocean_menu_link_color_active":"","ocean_menu_link_background":"","ocean_menu_link_hover_background":"","ocean_menu_link_active_background":"","ocean_menu_social_links_bg":"","ocean_menu_social_hover_links_bg":"","ocean_menu_social_links_color":"","ocean_menu_social_hover_links_color":"","ocean_disable_title":"default","ocean_disable_heading":"default","ocean_post_title":"","ocean_post_subheading":"","ocean_post_title_style":"","ocean_post_title_background_color":"","ocean_post_title_background":0,"ocean_post_title_bg_image_position":"","ocean_post_title_bg_image_attachment":"","ocean_post_title_bg_image_repeat":"","ocean_post_title_bg_image_size":"","ocean_post_title_height":0,"ocean_post_title_bg_overlay":0.5,"ocean_post_title_bg_overlay_color":"","ocean_disable_breadcrumbs":"default","ocean_breadcrumbs_color":"","ocean_breadcrumbs_separator_color":"","ocean_breadcrumbs_links_color":"","ocean_breadcrumbs_links_hover_color":"","ocean_display_footer_widgets":"default","ocean_display_footer_bottom":"default","ocean_custom_footer_template":"0","osp_disable_panel":"default"},"product_brand":[],"product_cat":[83],"product_tag":[],"wf_product_folders":[],"class_list":{"0":"post-6733","1":"product","2":"type-product","3":"status-publish","4":"has-post-thumbnail","6":"product_cat-geschenkboxen","7":"product_shipping_class-versand-boxen","9":"entry","10":"has-media","11":"tm-has-options","13":"first","14":"instock","15":"taxable","16":"shipping-taxable","17":"purchasable","18":"product-type-simple","19":"col","20":"span_1_of_4","21":"owp-content-center","22":"owp-thumbs-layout-horizontal","23":"owp-btn-normal","24":"owp-tabs-layout-horizontal"},"acf":[],"_links":{"self":[{"href":"https:\/\/meminto.com\/de\/wp-json\/wp\/v2\/product\/6733","targetHints":{"allow":["GET"]}}],"collection":[{"href":"https:\/\/meminto.com\/de\/wp-json\/wp\/v2\/product"}],"about":[{"href":"https:\/\/meminto.com\/de\/wp-json\/wp\/v2\/types\/product"}],"version-history":[{"count":10,"href":"https:\/\/meminto.com\/de\/wp-json\/wp\/v2\/product\/6733\/revisions"}],"predecessor-version":[{"id":7613,"href":"https:\/\/meminto.com\/de\/wp-json\/wp\/v2\/product\/6733\/revisions\/7613"}],"wp:featuredmedia":[{"embeddable":true,"href":"https:\/\/meminto.com\/de\/wp-json\/wp\/v2\/media\/7343"}],"wp:attachment":[{"href":"https:\/\/meminto.com\/de\/wp-json\/wp\/v2\/media?parent=6733"}],"wp:term":[{"taxonomy":"product_brand","embeddable":true,"href":"https:\/\/meminto.com\/de\/wp-json\/wp\/v2\/product_brand?post=6733"},{"taxonomy":"product_cat","embeddable":true,"href":"https:\/\/meminto.com\/de\/wp-json\/wp\/v2\/product_cat?post=6733"},{"taxonomy":"product_tag","embeddable":true,"href":"https:\/\/meminto.com\/de\/wp-json\/wp\/v2\/product_tag?post=6733"},{"taxonomy":"wf_product_folders","embeddable":true,"href":"https:\/\/meminto.com\/de\/wp-json\/wp\/v2\/wf_product_folders?post=6733"}],"curies":[{"name":"wp","href":"https:\/\/api.w.org\/{rel}","templated":true}]}}