{"id":6623,"date":"2021-05-17T17:05:40","date_gmt":"2021-05-17T15:05:40","guid":{"rendered":"https:\/\/meminto.com\/de\/?post_type=product&#038;p=6623"},"modified":"2025-11-29T15:33:22","modified_gmt":"2025-11-29T14:33:22","slug":"meminto-lebenskarten","status":"publish","type":"product","link":"https:\/\/meminto.com\/de\/produkt\/meminto-lebenskarten\/","title":{"rendered":"Meminto Lebenskarten"},"content":{"rendered":"\t\t<div data-elementor-type=\"product-post\" data-elementor-id=\"6623\" class=\"elementor elementor-6623\" data-elementor-post-type=\"product\">\n\t\t\t\t<div class=\"elementor-element elementor-element-720e182 e-flex e-con-boxed e-con e-parent\" data-id=\"720e182\" data-element_type=\"container\" data-e-type=\"container\">\n\t\t\t\t\t<div class=\"e-con-inner\">\n\t\t\t\t<div class=\"elementor-element elementor-element-ffa2da5 elementor-widget elementor-widget-heading\" data-id=\"ffa2da5\" data-element_type=\"widget\" data-e-type=\"widget\" data-widget_type=\"heading.default\">\n\t\t\t\t<div class=\"elementor-widget-container\">\n\t\t\t\t\t<h2 class=\"elementor-heading-title elementor-size-default\">Meminto Stories Lebenskarten<\/h2>\t\t\t\t<\/div>\n\t\t\t\t<\/div>\n\t\t\t\t\t<\/div>\n\t\t\t\t<\/div>\n\t\t<div class=\"elementor-element elementor-element-882c6c3 e-flex e-con-boxed e-con e-parent\" data-id=\"882c6c3\" data-element_type=\"container\" data-e-type=\"container\">\n\t\t\t\t\t<div class=\"e-con-inner\">\n\t\t\t\t<div class=\"elementor-element elementor-element-dc414f8 elementor-widget elementor-widget-text-editor\" data-id=\"dc414f8\" data-element_type=\"widget\" data-e-type=\"widget\" data-widget_type=\"text-editor.default\">\n\t\t\t\t<div class=\"elementor-widget-container\">\n\t\t\t\t\t\t\t\t\t<p>Mit den &#8220;Meminto Stories Lebenskarten&#8221; wird jeder Anlass zu einem besonderen Erlebnis. Ob bei Familienfeiern, Jubil\u00e4en, Geburtstagen oder einfach bei einem gem\u00fctlichen Beisammensein \u2013 <strong>diese Karten bringen Menschen zusammen und regen zu tiefgr\u00fcndigen, oft humorvollen und immer bedeutungsvollen Gespr\u00e4chen an.<\/strong> Sie dienen als Br\u00fccke zwischen den Generationen, indem sie den Austausch von Lebensgeschichten, Weisheiten und Tr\u00e4umen f\u00f6rdern.<\/p><figure id=\"attachment_4317\" aria-describedby=\"caption-attachment-4317\" style=\"width: 382px\" class=\"wp-caption alignleft\"><picture><source srcset=\"https:\/\/meminto.com\/de\/wp-content\/uploads\/sites\/2\/2020\/12\/PlayingCardsMockups-08_wohnzimmer-1024x1024.webp 1024w,https:\/\/meminto.com\/de\/wp-content\/uploads\/sites\/2\/2020\/12\/PlayingCardsMockups-08_wohnzimmer-300x300.webp 300w,https:\/\/meminto.com\/de\/wp-content\/uploads\/sites\/2\/2020\/12\/PlayingCardsMockups-08_wohnzimmer-150x150.webp 150w,https:\/\/meminto.com\/de\/wp-content\/uploads\/sites\/2\/2020\/12\/PlayingCardsMockups-08_wohnzimmer-768x768.webp 768w,https:\/\/meminto.com\/de\/wp-content\/uploads\/sites\/2\/2020\/12\/PlayingCardsMockups-08_wohnzimmer-1536x1536.webp 1536w,https:\/\/meminto.com\/de\/wp-content\/uploads\/sites\/2\/2020\/12\/PlayingCardsMockups-08_wohnzimmer.webp 1600w\" sizes=\"(max-width: 382px) 100vw, 382px\" type=\"image\/webp\"><img src=\"https:\/\/meminto.com\/de\/wp-content\/uploads\/sites\/2\/2020\/12\/PlayingCardsMockups-08_wohnzimmer-1024x1024.jpg\" height=\"382\" width=\"382\" srcset=\"https:\/\/meminto.com\/de\/wp-content\/uploads\/sites\/2\/2020\/12\/PlayingCardsMockups-08_wohnzimmer-1024x1024.jpg 1024w, https:\/\/meminto.com\/de\/wp-content\/uploads\/sites\/2\/2020\/12\/PlayingCardsMockups-08_wohnzimmer-300x300.jpg 300w, https:\/\/meminto.com\/de\/wp-content\/uploads\/sites\/2\/2020\/12\/PlayingCardsMockups-08_wohnzimmer-150x150.jpg 150w, https:\/\/meminto.com\/de\/wp-content\/uploads\/sites\/2\/2020\/12\/PlayingCardsMockups-08_wohnzimmer-768x768.jpg 768w, https:\/\/meminto.com\/de\/wp-content\/uploads\/sites\/2\/2020\/12\/PlayingCardsMockups-08_wohnzimmer-1536x1536.jpg 1536w, https:\/\/meminto.com\/de\/wp-content\/uploads\/sites\/2\/2020\/12\/PlayingCardsMockups-08_wohnzimmer.jpg 1600w\" sizes=\"(max-width: 382px) 100vw, 382px\" class=\"image-margin-right wp-image-4317 sp-no-webp\" alt=\"Meminto Stories Lebenskarten\" fetchpriority=\"high\" decoding=\"async\"  > <\/picture><figcaption id=\"caption-attachment-4317\" class=\"wp-caption-text\">Kartendeck<\/figcaption><\/figure><p>Jedes Kartenset ist sorgf\u00e4ltig darauf ausgelegt, die Vielfalt des Lebens zu erfassen. Die Fragen und Anregungen auf den Karten sind so gestaltet, dass sie zum Nachdenken anregen, Erinnerungen wecken und den Austausch von Erfahrungen erleichtern. Damit sind die &#8220;Meminto Stories Lebenskarten&#8221; nicht nur ein Spiel, sondern ein Werkzeug, das dazu beitr\u00e4gt, das Familien- und Freundesband zu st\u00e4rken.<\/p><p>Die &#8220;Meminto Stories Lebenskarten&#8221; sind mehr als nur ein Produkt \u2013 sie sind ein Erlebnis, das darauf wartet, entdeckt zu werden. <strong>Sie laden dazu ein, das Leben zu feiern, in Erinnerungen zu schwelgen und die Bande, die uns verbinden, zu st\u00e4rken.<\/strong> Lasst euch diese Gelegenheit nicht entgehen, bestellt euer Kartenset noch heute und beginnt, die ungeschriebenen Geschichten, die in euch und euren Liebsten schlummern, zu entdecken und zu teilen.<\/p><p>Stellt euch vor, wie diese Karten bei einem Familientreffen zum Einsatz kommen, wo Gro\u00dfeltern, Eltern und Kinder gemeinsam lachen, w\u00e4hrend sie Geschichten aus verschiedenen Lebensphasen teilen. Oder wie sie einem Freund, der gerade einen neuen Lebensabschnitt beginnt, als inspirierendes Geschenk dienen. Die &#8220;Meminto Stories Lebenskarten&#8221; sind eine Br\u00fccke zu den Herzen der Menschen, eine M\u00f6glichkeit, Liebe und Verbundenheit auszudr\u00fccken und zu vertiefen.<\/p><p>Als Teil der <a href=\"https:\/\/meminto.com\/de\/produkt\/meminto-geschenkbox-lebensbuch\/\">Meminto Geschenkbox<\/a>, die ihr zu einem Lebensbuch dazubestellen k\u00f6nnt, erweitern die &#8220;Meminto Stories Lebenskarten&#8221; das Geschenk der Erinnerung. Sie machen es m\u00f6glich, die Geschichten, die in einem Lebensbuch festgehalten werden, lebendig und interaktiv zu erkunden. Dies macht sie zu einer perfekten Geschenkidee f\u00fcr jeden, der das Leben und seine Geschichten wertsch\u00e4tzt.<\/p>\t\t\t\t\t\t\t\t<\/div>\n\t\t\t\t<\/div>\n\t\t\t\t\t<\/div>\n\t\t\t\t<\/div>\n\t\t\t\t<\/div>\n\t\t","protected":false},"excerpt":{"rendered":"<p>Unsere &#8220;<em>Lebenskarten<\/em>&#8221; beinhaltet 40 Karten. Fragen, wie diesen warten darauf, eure gemeinsamen Treffen mit Tiefgang zu versehen:<\/p>\n<ul>\n<li><em>Wie unterscheiden sich dein Glaube und deine Werte von denen deiner Eltern?<\/em><\/li>\n<li><em>Welche Fernsehprogramme hast du als Kind geschaut?<\/em><\/li>\n<li><em>Wurde schon einmal ein Ger\u00fccht \u00fcber dich verbreitet? Wie hast du reagiert?<\/em><\/li>\n<li><em>Wof\u00fcr bist du deinen Eltern am meisten dankbar?<\/em><\/li>\n<li><em>Welcher Film oder welches Buch beschreibt dein Leben am besten?<\/em><\/li>\n<li><em>Bist du ein ordentlicher Mensch? Wie reagiert dein Umfeld darauf?<\/em><\/li>\n<li><em>und viele mehr!<\/em><\/li>\n<\/ul>\n","protected":false},"featured_media":7342,"template":"","meta":{"_acf_changed":false,"ocean_post_layout":"","ocean_both_sidebars_style":"","ocean_both_sidebars_content_width":0,"ocean_both_sidebars_sidebars_width":0,"ocean_sidebar":"0","ocean_second_sidebar":"0","ocean_disable_margins":"enable","ocean_add_body_class":"","ocean_shortcode_before_top_bar":"","ocean_shortcode_after_top_bar":"","ocean_shortcode_before_header":"","ocean_shortcode_after_header":"","ocean_has_shortcode":"","ocean_shortcode_after_title":"","ocean_shortcode_before_footer_widgets":"","ocean_shortcode_after_footer_widgets":"","ocean_shortcode_before_footer_bottom":"","ocean_shortcode_after_footer_bottom":"","ocean_display_top_bar":"default","ocean_display_header":"default","ocean_header_style":"","ocean_center_header_left_menu":"0","ocean_custom_header_template":"0","ocean_custom_logo":0,"ocean_custom_retina_logo":0,"ocean_custom_logo_max_width":0,"ocean_custom_logo_tablet_max_width":0,"ocean_custom_logo_mobile_max_width":0,"ocean_custom_logo_max_height":0,"ocean_custom_logo_tablet_max_height":0,"ocean_custom_logo_mobile_max_height":0,"ocean_header_custom_menu":"0","ocean_menu_typo_font_family":"0","ocean_menu_typo_font_subset":"","ocean_menu_typo_font_size":0,"ocean_menu_typo_font_size_tablet":0,"ocean_menu_typo_font_size_mobile":0,"ocean_menu_typo_font_size_unit":"px","ocean_menu_typo_font_weight":"","ocean_menu_typo_font_weight_tablet":"","ocean_menu_typo_font_weight_mobile":"","ocean_menu_typo_transform":"","ocean_menu_typo_transform_tablet":"","ocean_menu_typo_transform_mobile":"","ocean_menu_typo_line_height":0,"ocean_menu_typo_line_height_tablet":0,"ocean_menu_typo_line_height_mobile":0,"ocean_menu_typo_line_height_unit":"","ocean_menu_typo_spacing":0,"ocean_menu_typo_spacing_tablet":0,"ocean_menu_typo_spacing_mobile":0,"ocean_menu_typo_spacing_unit":"","ocean_menu_link_color":"","ocean_menu_link_color_hover":"","ocean_menu_link_color_active":"","ocean_menu_link_background":"","ocean_menu_link_hover_background":"","ocean_menu_link_active_background":"","ocean_menu_social_links_bg":"","ocean_menu_social_hover_links_bg":"","ocean_menu_social_links_color":"","ocean_menu_social_hover_links_color":"","ocean_disable_title":"default","ocean_disable_heading":"default","ocean_post_title":"","ocean_post_subheading":"","ocean_post_title_style":"","ocean_post_title_background_color":"","ocean_post_title_background":0,"ocean_post_title_bg_image_position":"","ocean_post_title_bg_image_attachment":"","ocean_post_title_bg_image_repeat":"","ocean_post_title_bg_image_size":"","ocean_post_title_height":0,"ocean_post_title_bg_overlay":0.5,"ocean_post_title_bg_overlay_color":"","ocean_disable_breadcrumbs":"default","ocean_breadcrumbs_color":"","ocean_breadcrumbs_separator_color":"","ocean_breadcrumbs_links_color":"","ocean_breadcrumbs_links_hover_color":"","ocean_display_footer_widgets":"default","ocean_display_footer_bottom":"default","ocean_custom_footer_template":"0","osp_disable_panel":"default"},"product_brand":[],"product_cat":[81],"product_tag":[],"wf_product_folders":[],"class_list":{"0":"post-6623","1":"product","2":"type-product","3":"status-publish","4":"has-post-thumbnail","6":"product_cat-kartensets","7":"product_shipping_class-versand-kartenset","9":"entry","10":"has-media","11":"tm-no-options","13":"first","14":"outofstock","15":"taxable","16":"shipping-taxable","17":"purchasable","18":"product-type-simple","19":"col","20":"span_1_of_4","21":"owp-content-center","22":"owp-thumbs-layout-horizontal","23":"owp-btn-normal","24":"owp-tabs-layout-horizontal"},"acf":[],"_links":{"self":[{"href":"https:\/\/meminto.com\/de\/wp-json\/wp\/v2\/product\/6623","targetHints":{"allow":["GET"]}}],"collection":[{"href":"https:\/\/meminto.com\/de\/wp-json\/wp\/v2\/product"}],"about":[{"href":"https:\/\/meminto.com\/de\/wp-json\/wp\/v2\/types\/product"}],"version-history":[{"count":10,"href":"https:\/\/meminto.com\/de\/wp-json\/wp\/v2\/product\/6623\/revisions"}],"predecessor-version":[{"id":31383,"href":"https:\/\/meminto.com\/de\/wp-json\/wp\/v2\/product\/6623\/revisions\/31383"}],"wp:featuredmedia":[{"embeddable":true,"href":"https:\/\/meminto.com\/de\/wp-json\/wp\/v2\/media\/7342"}],"wp:attachment":[{"href":"https:\/\/meminto.com\/de\/wp-json\/wp\/v2\/media?parent=6623"}],"wp:term":[{"taxonomy":"product_brand","embeddable":true,"href":"https:\/\/meminto.com\/de\/wp-json\/wp\/v2\/product_brand?post=6623"},{"taxonomy":"product_cat","embeddable":true,"href":"https:\/\/meminto.com\/de\/wp-json\/wp\/v2\/product_cat?post=6623"},{"taxonomy":"product_tag","embeddable":true,"href":"https:\/\/meminto.com\/de\/wp-json\/wp\/v2\/product_tag?post=6623"},{"taxonomy":"wf_product_folders","embeddable":true,"href":"https:\/\/meminto.com\/de\/wp-json\/wp\/v2\/wf_product_folders?post=6623"}],"curies":[{"name":"wp","href":"https:\/\/api.w.org\/{rel}","templated":true}]}}