{"id":12017,"date":"2022-09-08T15:09:55","date_gmt":"2022-09-08T13:09:55","guid":{"rendered":"https:\/\/meminto.com\/de\/?post_type=product&#038;p=12017"},"modified":"2023-04-25T16:23:50","modified_gmt":"2023-04-25T14:23:50","slug":"product-bundle-l-fuer-grosshaendler","status":"publish","type":"product","link":"https:\/\/meminto.com\/de\/produkt\/product-bundle-l-fuer-grosshaendler\/","title":{"rendered":"Product Bundle L f\u00fcr Gro\u00dfh\u00e4ndler"},"content":{"rendered":"\t\t<div data-elementor-type=\"product-post\" data-elementor-id=\"12017\" class=\"elementor elementor-12017\" data-elementor-post-type=\"product\">\n\t\t\t\t\t\t<section class=\"elementor-section elementor-top-section elementor-element elementor-element-336fa0c elementor-section-boxed elementor-section-height-default elementor-section-height-default\" data-id=\"336fa0c\" data-element_type=\"section\" data-e-type=\"section\">\n\t\t\t\t\t\t<div class=\"elementor-container elementor-column-gap-default\">\n\t\t\t\t\t<div class=\"elementor-column elementor-col-100 elementor-top-column elementor-element elementor-element-55bd81d\" data-id=\"55bd81d\" data-element_type=\"column\" data-e-type=\"column\">\n\t\t\t<div class=\"elementor-widget-wrap elementor-element-populated\">\n\t\t\t\t\t\t<div class=\"elementor-element elementor-element-b9992c7 elementor-widget elementor-widget-image\" data-id=\"b9992c7\" data-element_type=\"widget\" data-e-type=\"widget\" data-widget_type=\"image.default\">\n\t\t\t\t<div class=\"elementor-widget-container\">\n\t\t\t\t\t\t\t\t\t\t\t\t\t\t\t<img fetchpriority=\"high\" decoding=\"async\" width=\"2048\" height=\"1365\" src=\"https:\/\/meminto.com\/de\/wp-content\/uploads\/sites\/2\/2022\/09\/1364_Meminto-2048x1365.jpg\" class=\"attachment-2048x2048 size-2048x2048 wp-image-11996\" alt=\"\" srcset=\"https:\/\/meminto.com\/de\/wp-content\/uploads\/sites\/2\/2022\/09\/1364_Meminto-2048x1365.jpg 2048w, https:\/\/meminto.com\/de\/wp-content\/uploads\/sites\/2\/2022\/09\/1364_Meminto-300x200.jpg 300w, https:\/\/meminto.com\/de\/wp-content\/uploads\/sites\/2\/2022\/09\/1364_Meminto-1024x683.jpg 1024w, https:\/\/meminto.com\/de\/wp-content\/uploads\/sites\/2\/2022\/09\/1364_Meminto-768x512.jpg 768w, https:\/\/meminto.com\/de\/wp-content\/uploads\/sites\/2\/2022\/09\/1364_Meminto-60x40.jpg 60w, https:\/\/meminto.com\/de\/wp-content\/uploads\/sites\/2\/2022\/09\/1364_Meminto-110x73.jpg 110w, https:\/\/meminto.com\/de\/wp-content\/uploads\/sites\/2\/2022\/09\/1364_Meminto-1536x1024.jpg 1536w, https:\/\/meminto.com\/de\/wp-content\/uploads\/sites\/2\/2022\/09\/1364_Meminto-600x400.jpg 600w\" sizes=\"(max-width: 2048px) 100vw, 2048px\" \/>\t\t\t\t\t\t\t\t\t\t\t\t\t\t\t<\/div>\n\t\t\t\t<\/div>\n\t\t\t\t\t<\/div>\n\t\t<\/div>\n\t\t\t\t\t<\/div>\n\t\t<\/section>\n\t\t\t\t<section class=\"elementor-section elementor-top-section elementor-element elementor-element-18e1fd5 elementor-section-boxed elementor-section-height-default elementor-section-height-default\" data-id=\"18e1fd5\" data-element_type=\"section\" data-e-type=\"section\">\n\t\t\t\t\t\t<div class=\"elementor-container elementor-column-gap-default\">\n\t\t\t\t\t<div class=\"elementor-column elementor-col-100 elementor-top-column elementor-element elementor-element-7523fd9\" data-id=\"7523fd9\" data-element_type=\"column\" data-e-type=\"column\">\n\t\t\t<div class=\"elementor-widget-wrap elementor-element-populated\">\n\t\t\t\t\t\t<div class=\"elementor-element elementor-element-e2d4931 elementor-widget elementor-widget-heading\" data-id=\"e2d4931\" data-element_type=\"widget\" data-e-type=\"widget\" data-widget_type=\"heading.default\">\n\t\t\t\t<div class=\"elementor-widget-container\">\n\t\t\t\t\t<h2 class=\"elementor-heading-title elementor-size-default\">Worauf k\u00f6nnen Ihre Kunden sich freuen?<\/h2>\t\t\t\t<\/div>\n\t\t\t\t<\/div>\n\t\t\t\t\t<\/div>\n\t\t<\/div>\n\t\t\t\t\t<\/div>\n\t\t<\/section>\n\t\t\t\t<section class=\"elementor-section elementor-top-section elementor-element elementor-element-4885e25 bundle-description elementor-section-boxed elementor-section-height-default elementor-section-height-default\" data-id=\"4885e25\" data-element_type=\"section\" data-e-type=\"section\">\n\t\t\t\t\t\t<div class=\"elementor-container elementor-column-gap-default\">\n\t\t\t\t\t<div class=\"elementor-column elementor-col-50 elementor-top-column elementor-element elementor-element-c9f1fc0\" data-id=\"c9f1fc0\" data-element_type=\"column\" data-e-type=\"column\">\n\t\t\t<div class=\"elementor-widget-wrap elementor-element-populated\">\n\t\t\t\t\t\t<div class=\"elementor-element elementor-element-eacfecd elementor-widget elementor-widget-text-editor\" data-id=\"eacfecd\" data-element_type=\"widget\" data-e-type=\"widget\" data-widget_type=\"text-editor.default\">\n\t\t\t\t<div class=\"elementor-widget-container\">\n\t\t\t\t\t\t\t\t\t<p>Das Bundle im Gesamtwert von brutto \u20ac3043,90 (netto: \u20ac2.557,90)\u00a0 enth\u00e4lt:<\/p><ul><li>3 Geschenkboxen Lebensbuch (inkl. Buchdruck und Versand im Wert von je \u20ac124,90)<\/li><li>3 Geschenkboxen Kindheitsbuch (inkl. Buchdruck und Versand im Wert von je \u20ac124,90)<\/li><li>3 Geschenkboxen Reisebuch (inkl. Buchdruck und Versand im Wert von je \u20ac124,90)<\/li><li>3 Geschenkboxen Erinnerungsbuch (inkl. Buchdruck und Versand im Wert von je \u20ac153,90)<\/li><li>3 Geschenkboxen Beziehungsbuch (inkl. Buchdruck und Versand im Wert von je \u20ac124,90)<\/li><li>3 Geschenkboxen Hochzeitsbuch (inkl. Buchdruck und Versand im Wert von je \u20ac173,90)<\/li><\/ul><p>Jede Geschenkbox beinhaltet einen Aktivierungscode, mit dem das Erlebnis innerhalb meminto.com oder unserer App umfassend durchgef\u00fchrt werden kann. Jedes Buch kann dabei bis zu 200 Seiten haben, weitere Seiten sind per Aufpreis beim Abschluss des Buches m\u00f6glich. Enthalten sind die Druckkosten f\u00fcr ein Hardcover-Buch sowie die Zustellungskosten direkt zum Kunden.<\/p>\t\t\t\t\t\t\t\t<\/div>\n\t\t\t\t<\/div>\n\t\t\t\t\t<\/div>\n\t\t<\/div>\n\t\t\t\t<div class=\"elementor-column elementor-col-50 elementor-top-column elementor-element elementor-element-43d1d0c\" data-id=\"43d1d0c\" data-element_type=\"column\" data-e-type=\"column\">\n\t\t\t<div class=\"elementor-widget-wrap elementor-element-populated\">\n\t\t\t\t\t\t<div class=\"elementor-element elementor-element-1469d37 elementor-widget elementor-widget-text-editor\" data-id=\"1469d37\" data-element_type=\"widget\" data-e-type=\"widget\" data-widget_type=\"text-editor.default\">\n\t\t\t\t<div class=\"elementor-widget-container\">\n\t\t\t\t\t\t\t\t\t<p>Weiterhin enthalten sind:<\/p><ul><li>10 Lebenskarten Sets (im Wert von je \u20ac12,90)<\/li><li>10 Beziehungskarten Sets (im Wert von je \u20ac12,90)<\/li><li>10 Sprout Bleistifte Sonnenblume (im Wert von je \u20ac3,20)<\/li><li>10 Sprout Bleistifte Vergissmeinnicht (im Wert von je \u20ac3,20)<\/li><li>50 Flyer Lebensbuch (zur Kundeninformation)<\/li><li>50 Flyer Erinnerungsbuch (zur Kundeninformation)<\/li><li>1 Aufsteller DIN-A5 f\u00fcr die bessere Sichtbarkeit der Produkte<\/li><\/ul><p>Sollten Sie weitere Produkte bzw. \u00c4nderungen am Bundle w\u00fcnschen, schreiben Sie uns gerne.<\/p><p><b>Ein Gewerbenachweis sowie die Ausf\u00fchrung in einem thematisch passenden Gewerbe ist notwendig und wird von uns gepr\u00fcft. Bitte lassen Sie uns dieses am besten vor Ihrem Kauf per E-Mail zukommen.<\/b><\/p><p>Bitte rufen Sie uns bei weiteren Fragen einfach an oder schreiben Sie uns an support@meminto.com.<\/p>\t\t\t\t\t\t\t\t<\/div>\n\t\t\t\t<\/div>\n\t\t\t\t\t<\/div>\n\t\t<\/div>\n\t\t\t\t\t<\/div>\n\t\t<\/section>\n\t\t\t\t<\/div>\n\t\t","protected":false},"excerpt":{"rendered":"<p><em><strong>Netto-Preis: \u20ac 1.497,-<\/strong><\/em><\/p>\n<p>Alle Meminto Produkte in einem Paket, geeignet zum Ausstellen in Ihrem Ladengesch\u00e4ft.<br \/>\nIn diesem Bundle sind alle Produkte, ben\u00f6tigtes Zubeh\u00f6r und einer <strong>Marge i.H.v. \u20ac1.060,90<\/strong> inklusive!<\/p>\n<p>Geben Sie Ihren Kunden die M\u00f6glichkeit, ganz innovative Geschenke zu machen. Alles was Sie daf\u00fcr brauchen ist ein wenig Platz in Ihrem Laden. Der Support, Druck und Versand der B\u00fccher etc. wird von Meminto \u00fcber einen leistungsstarken Service \u00fcbernommen.<\/p>\n<p><strong>Nutzen Sie die M\u00f6glichkeit und erweitern Sie Ihr Sortiment durch innovative Produkte!<\/strong><\/p>\n","protected":false},"featured_media":11995,"template":"","meta":{"_acf_changed":false,"ocean_post_layout":"","ocean_both_sidebars_style":"","ocean_both_sidebars_content_width":0,"ocean_both_sidebars_sidebars_width":0,"ocean_sidebar":"0","ocean_second_sidebar":"0","ocean_disable_margins":"enable","ocean_add_body_class":"","ocean_shortcode_before_top_bar":"","ocean_shortcode_after_top_bar":"","ocean_shortcode_before_header":"","ocean_shortcode_after_header":"","ocean_has_shortcode":"","ocean_shortcode_after_title":"","ocean_shortcode_before_footer_widgets":"","ocean_shortcode_after_footer_widgets":"","ocean_shortcode_before_footer_bottom":"","ocean_shortcode_after_footer_bottom":"","ocean_display_top_bar":"default","ocean_display_header":"default","ocean_header_style":"","ocean_center_header_left_menu":"0","ocean_custom_header_template":"0","ocean_custom_logo":0,"ocean_custom_retina_logo":0,"ocean_custom_logo_max_width":0,"ocean_custom_logo_tablet_max_width":0,"ocean_custom_logo_mobile_max_width":0,"ocean_custom_logo_max_height":0,"ocean_custom_logo_tablet_max_height":0,"ocean_custom_logo_mobile_max_height":0,"ocean_header_custom_menu":"0","ocean_menu_typo_font_family":"0","ocean_menu_typo_font_subset":"","ocean_menu_typo_font_size":0,"ocean_menu_typo_font_size_tablet":0,"ocean_menu_typo_font_size_mobile":0,"ocean_menu_typo_font_size_unit":"px","ocean_menu_typo_font_weight":"","ocean_menu_typo_font_weight_tablet":"","ocean_menu_typo_font_weight_mobile":"","ocean_menu_typo_transform":"","ocean_menu_typo_transform_tablet":"","ocean_menu_typo_transform_mobile":"","ocean_menu_typo_line_height":0,"ocean_menu_typo_line_height_tablet":0,"ocean_menu_typo_line_height_mobile":0,"ocean_menu_typo_line_height_unit":"","ocean_menu_typo_spacing":0,"ocean_menu_typo_spacing_tablet":0,"ocean_menu_typo_spacing_mobile":0,"ocean_menu_typo_spacing_unit":"","ocean_menu_link_color":"","ocean_menu_link_color_hover":"","ocean_menu_link_color_active":"","ocean_menu_link_background":"","ocean_menu_link_hover_background":"","ocean_menu_link_active_background":"","ocean_menu_social_links_bg":"","ocean_menu_social_hover_links_bg":"","ocean_menu_social_links_color":"","ocean_menu_social_hover_links_color":"","ocean_disable_title":"default","ocean_disable_heading":"default","ocean_post_title":"","ocean_post_subheading":"","ocean_post_title_style":"","ocean_post_title_background_color":"","ocean_post_title_background":0,"ocean_post_title_bg_image_position":"","ocean_post_title_bg_image_attachment":"","ocean_post_title_bg_image_repeat":"","ocean_post_title_bg_image_size":"","ocean_post_title_height":0,"ocean_post_title_bg_overlay":0.5,"ocean_post_title_bg_overlay_color":"","ocean_disable_breadcrumbs":"default","ocean_breadcrumbs_color":"","ocean_breadcrumbs_separator_color":"","ocean_breadcrumbs_links_color":"","ocean_breadcrumbs_links_hover_color":"","ocean_display_footer_widgets":"default","ocean_display_footer_bottom":"default","ocean_custom_footer_template":"0","osp_disable_panel":"default"},"product_brand":[],"product_cat":[106],"product_tag":[],"wf_product_folders":[],"class_list":{"0":"post-12017","1":"product","2":"type-product","3":"status-publish","4":"has-post-thumbnail","6":"product_cat-bundles","8":"entry","9":"has-media","10":"tm-no-options","12":"first","13":"instock","14":"sale","15":"taxable","16":"shipping-taxable","17":"purchasable","18":"product-type-simple","19":"col","20":"span_1_of_4","21":"owp-content-center","22":"owp-thumbs-layout-horizontal","23":"owp-btn-normal","24":"owp-tabs-layout-horizontal"},"acf":[],"_links":{"self":[{"href":"https:\/\/meminto.com\/de\/wp-json\/wp\/v2\/product\/12017","targetHints":{"allow":["GET"]}}],"collection":[{"href":"https:\/\/meminto.com\/de\/wp-json\/wp\/v2\/product"}],"about":[{"href":"https:\/\/meminto.com\/de\/wp-json\/wp\/v2\/types\/product"}],"version-history":[{"count":6,"href":"https:\/\/meminto.com\/de\/wp-json\/wp\/v2\/product\/12017\/revisions"}],"predecessor-version":[{"id":12083,"href":"https:\/\/meminto.com\/de\/wp-json\/wp\/v2\/product\/12017\/revisions\/12083"}],"wp:featuredmedia":[{"embeddable":true,"href":"https:\/\/meminto.com\/de\/wp-json\/wp\/v2\/media\/11995"}],"wp:attachment":[{"href":"https:\/\/meminto.com\/de\/wp-json\/wp\/v2\/media?parent=12017"}],"wp:term":[{"taxonomy":"product_brand","embeddable":true,"href":"https:\/\/meminto.com\/de\/wp-json\/wp\/v2\/product_brand?post=12017"},{"taxonomy":"product_cat","embeddable":true,"href":"https:\/\/meminto.com\/de\/wp-json\/wp\/v2\/product_cat?post=12017"},{"taxonomy":"product_tag","embeddable":true,"href":"https:\/\/meminto.com\/de\/wp-json\/wp\/v2\/product_tag?post=12017"},{"taxonomy":"wf_product_folders","embeddable":true,"href":"https:\/\/meminto.com\/de\/wp-json\/wp\/v2\/wf_product_folders?post=12017"}],"curies":[{"name":"wp","href":"https:\/\/api.w.org\/{rel}","templated":true}]}}