{"id":19768,"date":"2023-11-17T21:48:11","date_gmt":"2023-11-17T20:48:11","guid":{"rendered":"https:\/\/meminto.com\/de\/?page_id=19768"},"modified":"2025-07-30T13:50:34","modified_gmt":"2025-07-30T11:50:34","slug":"faq","status":"publish","type":"page","link":"https:\/\/meminto.com\/de\/faq\/","title":{"rendered":"Meminto FAQ &#8211; H\u00e4ufige Fragen einfach erkl\u00e4rt"},"content":{"rendered":"\t\t<div data-elementor-type=\"wp-page\" data-elementor-id=\"19768\" class=\"elementor elementor-19768\" data-elementor-post-type=\"page\">\n\t\t\t\t<div class=\"elementor-element elementor-element-d0bf0b3 e-flex e-con-boxed e-con e-parent\" data-id=\"d0bf0b3\" data-element_type=\"container\" data-e-type=\"container\">\n\t\t\t\t\t<div class=\"e-con-inner\">\n\t\t<div class=\"elementor-element elementor-element-337cf86 e-con-full e-flex e-con e-child\" data-id=\"337cf86\" data-element_type=\"container\" data-e-type=\"container\">\n\t\t\t\t<div class=\"elementor-element elementor-element-4bb8ff5 elementor-widget elementor-widget-template\" data-id=\"4bb8ff5\" data-element_type=\"widget\" data-e-type=\"widget\" data-widget_type=\"template.default\">\n\t\t\t\t<div class=\"elementor-widget-container\">\n\t\t\t\t\t\t\t<div class=\"elementor-template\">\n\t\t\t\t\t<div data-elementor-type=\"container\" data-elementor-id=\"16647\" class=\"elementor elementor-16647\" data-elementor-post-type=\"elementor_library\">\n\t\t\t\t<div class=\"elementor-element elementor-element-2dd82a59 e-flex e-con-boxed e-con e-parent\" data-id=\"2dd82a59\" data-element_type=\"container\" data-e-type=\"container\" id=\"faqs\">\n\t\t\t\t\t<div class=\"e-con-inner\">\n\t\t<div class=\"elementor-element elementor-element-552244d9 e-con-full e-flex e-con e-child\" data-id=\"552244d9\" data-element_type=\"container\" data-e-type=\"container\" data-settings=\"{&quot;background_background&quot;:&quot;classic&quot;}\">\n\t\t<div class=\"elementor-element elementor-element-5cf34f54 e-con-full e-flex e-con e-child\" data-id=\"5cf34f54\" data-element_type=\"container\" data-e-type=\"container\">\n\t\t\t\t<div class=\"elementor-element elementor-element-77dcaea4 elementor-widget elementor-widget-heading\" data-id=\"77dcaea4\" data-element_type=\"widget\" data-e-type=\"widget\" data-widget_type=\"heading.default\">\n\t\t\t\t<div class=\"elementor-widget-container\">\n\t\t\t\t\t<h2 class=\"elementor-heading-title elementor-size-default\">Oft gestellte Fragen &amp; Antworten<\/h2>\t\t\t\t<\/div>\n\t\t\t\t<\/div>\n\t\t\t\t<div class=\"elementor-element elementor-element-5381407c faqs-post-line elementor-widget elementor-widget-text-editor\" data-id=\"5381407c\" data-element_type=\"widget\" data-e-type=\"widget\" data-widget_type=\"text-editor.default\">\n\t\t\t\t<div class=\"elementor-widget-container\">\n\t\t\t\t\t\t\t\t\t<p>Schnelle Antworten auf einige Fragen, die du m\u00f6glicherweise hast. Du konntest nicht finden, was du suchst? Schau dich in unserem\u00a0<a style=\"font-weight: 500;\" href=\"\/de\/helpdesk\/\">Helpdesk<\/a>\u00a0um.<\/p>\t\t\t\t\t\t\t\t<\/div>\n\t\t\t\t<\/div>\n\t\t\t\t<div class=\"elementor-element elementor-element-33bda60 elementor-widget elementor-widget-n-accordion\" data-id=\"33bda60\" data-element_type=\"widget\" data-e-type=\"widget\" data-settings=\"{&quot;n_accordion_animation_duration&quot;:{&quot;unit&quot;:&quot;ms&quot;,&quot;size&quot;:200,&quot;sizes&quot;:[]},&quot;default_state&quot;:&quot;all_collapsed&quot;,&quot;max_items_expended&quot;:&quot;one&quot;}\" data-widget_type=\"nested-accordion.default\">\n\t\t\t\t<div class=\"elementor-widget-container\">\n\t\t\t\t\t\t\t<div class=\"e-n-accordion\" aria-label=\"Accordion. Open links with Enter or Space, close with Escape, and navigate with Arrow Keys\">\n\t\t\t\t\t\t<details id=\"e-n-accordion-item-5420\" class=\"e-n-accordion-item\" >\n\t\t\t\t<summary class=\"e-n-accordion-item-title\" data-accordion-index=\"1\" tabindex=\"0\" aria-expanded=\"false\" aria-controls=\"e-n-accordion-item-5420\" >\n\t\t\t\t\t<span class='e-n-accordion-item-title-header'><div class=\"e-n-accordion-item-title-text\"> Was kostet ein Meminto (und weitere Kopien)? <\/div><\/span>\n\t\t\t\t\t\t\t<span class='e-n-accordion-item-title-icon'>\n\t\t\t<span class='e-opened' ><i aria-hidden=\"true\" class=\"fas fa-minus\"><\/i><\/span>\n\t\t\t<span class='e-closed'><i aria-hidden=\"true\" class=\"fas fa-plus\"><\/i><\/span>\n\t\t<\/span>\n\n\t\t\t\t\t\t<\/summary>\n\t\t\t\t<div role=\"region\" aria-labelledby=\"e-n-accordion-item-5420\" class=\"elementor-element elementor-element-4b0f348d e-con-full e-flex e-con e-child\" data-id=\"4b0f348d\" data-element_type=\"container\" data-e-type=\"container\">\n\t\t\t\t<div class=\"elementor-element elementor-element-19fbf8b8 elementor-widget elementor-widget-text-editor\" data-id=\"19fbf8b8\" data-element_type=\"widget\" data-e-type=\"widget\" data-widget_type=\"text-editor.default\">\n\t\t\t\t<div class=\"elementor-widget-container\">\n\t\t\t\t\t\t\t\t\t<p>Das erste Exemplar eines Meminto-Buchs mit <strong>bis zu 100 Seiten kostet 99 Euro<\/strong>. <br \/>Ein Buch mit bis zu 200 Seiten kostet 129 Euro, und bis zu 300 Seiten sind f\u00fcr 149 Euro erh\u00e4ltlich.<\/p><p>Zus\u00e4tzliche Exemplare kosten weniger als die H\u00e4lfte:<\/p><ul><li>Exemplar mit 100 Seiten: 49 Euro<\/li><li>Exemplar mit 200 Seiten: 59 Euro<\/li><li>Exemplar mit 300 Seiten: 69 Euro<\/li><\/ul><p>Ein digitales Buch kostet 39.99 Euro und kann weltweit mit Familie und Freunden geteilt werden.<\/p>\t\t\t\t\t\t\t\t<\/div>\n\t\t\t\t<\/div>\n\t\t\t\t<\/div>\n\t\t\t\t\t<\/details>\n\t\t\t\t\t\t<details id=\"e-n-accordion-item-5421\" class=\"e-n-accordion-item\" >\n\t\t\t\t<summary class=\"e-n-accordion-item-title\" data-accordion-index=\"2\" tabindex=\"-1\" aria-expanded=\"false\" aria-controls=\"e-n-accordion-item-5421\" >\n\t\t\t\t\t<span class='e-n-accordion-item-title-header'><div class=\"e-n-accordion-item-title-text\"> Wie lange kann man an einem Meminto Buch arbeiten? <\/div><\/span>\n\t\t\t\t\t\t\t<span class='e-n-accordion-item-title-icon'>\n\t\t\t<span class='e-opened' ><i aria-hidden=\"true\" class=\"fas fa-minus\"><\/i><\/span>\n\t\t\t<span class='e-closed'><i aria-hidden=\"true\" class=\"fas fa-plus\"><\/i><\/span>\n\t\t<\/span>\n\n\t\t\t\t\t\t<\/summary>\n\t\t\t\t<div role=\"region\" aria-labelledby=\"e-n-accordion-item-5421\" class=\"elementor-element elementor-element-6b6fe55 e-con-full e-flex e-con e-child\" data-id=\"6b6fe55\" data-element_type=\"container\" data-e-type=\"container\">\n\t\t\t\t<div class=\"elementor-element elementor-element-1cb880e elementor-widget elementor-widget-text-editor\" data-id=\"1cb880e\" data-element_type=\"widget\" data-e-type=\"widget\" data-widget_type=\"text-editor.default\">\n\t\t\t\t<div class=\"elementor-widget-container\">\n\t\t\t\t\t\t\t\t\t<p class=\"p1\">Du kannst dein Meminto-Buch bis zu 2 Jahre lang bearbeiten. Wenn du l\u00e4nger dran arbeiten m\u00f6chtest, kannst du eine 6-monatige Verl\u00e4ngerung f\u00fcr \u20ac25,90 kaufen. Erinnerungen werden dir 6 Monate und 30 Tage vor Ablauf des Buches geschickt.<\/p>\t\t\t\t\t\t\t\t<\/div>\n\t\t\t\t<\/div>\n\t\t\t\t<\/div>\n\t\t\t\t\t<\/details>\n\t\t\t\t\t\t<details id=\"e-n-accordion-item-5422\" class=\"e-n-accordion-item\" >\n\t\t\t\t<summary class=\"e-n-accordion-item-title\" data-accordion-index=\"3\" tabindex=\"-1\" aria-expanded=\"false\" aria-controls=\"e-n-accordion-item-5422\" >\n\t\t\t\t\t<span class='e-n-accordion-item-title-header'><div class=\"e-n-accordion-item-title-text\"> Kann ich meine eigenen Fragen oder \u00dcberschriften hinzuf\u00fcgen? <\/div><\/span>\n\t\t\t\t\t\t\t<span class='e-n-accordion-item-title-icon'>\n\t\t\t<span class='e-opened' ><i aria-hidden=\"true\" class=\"fas fa-minus\"><\/i><\/span>\n\t\t\t<span class='e-closed'><i aria-hidden=\"true\" class=\"fas fa-plus\"><\/i><\/span>\n\t\t<\/span>\n\n\t\t\t\t\t\t<\/summary>\n\t\t\t\t<div role=\"region\" aria-labelledby=\"e-n-accordion-item-5422\" class=\"elementor-element elementor-element-44fdf612 e-con-full e-flex e-con e-child\" data-id=\"44fdf612\" data-element_type=\"container\" data-e-type=\"container\">\n\t\t\t\t<div class=\"elementor-element elementor-element-7f266bb2 elementor-widget elementor-widget-text-editor\" data-id=\"7f266bb2\" data-element_type=\"widget\" data-e-type=\"widget\" data-widget_type=\"text-editor.default\">\n\t\t\t\t<div class=\"elementor-widget-container\">\n\t\t\t\t\t\t\t\t\t<p>Ja, du kannst deine eigenen Fragen hinzuf\u00fcgen und bestehende bearbeiten, um den Inhalt anzupassen und ihn auf deine pers\u00f6nliche Lebensgeschichte zuzuschneiden.<\/p>\t\t\t\t\t\t\t\t<\/div>\n\t\t\t\t<\/div>\n\t\t\t\t<\/div>\n\t\t\t\t\t<\/details>\n\t\t\t\t\t\t<details id=\"e-n-accordion-item-5423\" class=\"e-n-accordion-item\" >\n\t\t\t\t<summary class=\"e-n-accordion-item-title\" data-accordion-index=\"4\" tabindex=\"-1\" aria-expanded=\"false\" aria-controls=\"e-n-accordion-item-5423\" >\n\t\t\t\t\t<span class='e-n-accordion-item-title-header'><div class=\"e-n-accordion-item-title-text\"> Kann ich Fotos oder andere Medien zu meiner Geschichte hinzuf\u00fcgen? <\/div><\/span>\n\t\t\t\t\t\t\t<span class='e-n-accordion-item-title-icon'>\n\t\t\t<span class='e-opened' ><i aria-hidden=\"true\" class=\"fas fa-minus\"><\/i><\/span>\n\t\t\t<span class='e-closed'><i aria-hidden=\"true\" class=\"fas fa-plus\"><\/i><\/span>\n\t\t<\/span>\n\n\t\t\t\t\t\t<\/summary>\n\t\t\t\t<div role=\"region\" aria-labelledby=\"e-n-accordion-item-5423\" class=\"elementor-element elementor-element-3e927083 e-con-full e-flex e-con e-child\" data-id=\"3e927083\" data-element_type=\"container\" data-e-type=\"container\">\n\t\t\t\t<div class=\"elementor-element elementor-element-7398156b elementor-widget elementor-widget-text-editor\" data-id=\"7398156b\" data-element_type=\"widget\" data-e-type=\"widget\" data-widget_type=\"text-editor.default\">\n\t\t\t\t<div class=\"elementor-widget-container\">\n\t\t\t\t\t\t\t\t\t<p>Ja, du kannst bis zu 250 <a href=\"https:\/\/helpdesk.meminto.com\/de\/article\/wie-fugt-man-bilder-hinzu-und-bearbeitet-sie-gbuijz\/\" target=\"_blank\" rel=\"nofollow noopener\">Fotos in dein Meminto-Buch hochladen<\/a>. Wenn du mehr Bilder hinzuf\u00fcgen m\u00f6chtest, kann unser Support-Team die Kapazit\u00e4t f\u00fcr dich erweitern. Fotos k\u00f6nnen im Vollbildmodus oder nebeneinander platziert werden und k\u00f6nnen mit Bildbeschreibungen versehen werden.<\/p><p>Es ist sogar m\u00f6glich, <a href=\"https:\/\/helpdesk.meminto.com\/de\/article\/kann-ich-videos-zu-meinem-buch-hochladen-oder-hinzufugen-umtm2x\/\" target=\"_blank\" rel=\"nofollow noopener\">Videos zu den Geschichten hinzuzuf\u00fcgen<\/a> und Gedanken, die gesprochen wurden, einzuf\u00fcgen. Diese werden als QR-Codes im Buch angezeigt und k\u00f6nnen mit jedem Smartphone abgerufen werden.<\/p>\t\t\t\t\t\t\t\t<\/div>\n\t\t\t\t<\/div>\n\t\t\t\t<\/div>\n\t\t\t\t\t<\/details>\n\t\t\t\t\t\t<details id=\"e-n-accordion-item-5424\" class=\"e-n-accordion-item\" >\n\t\t\t\t<summary class=\"e-n-accordion-item-title\" data-accordion-index=\"5\" tabindex=\"-1\" aria-expanded=\"false\" aria-controls=\"e-n-accordion-item-5424\" >\n\t\t\t\t\t<span class='e-n-accordion-item-title-header'><div class=\"e-n-accordion-item-title-text\"> Werden meine Texte von Meminto vor dem Drucken \u00fcberpr\u00fcft und korrigiert? <\/div><\/span>\n\t\t\t\t\t\t\t<span class='e-n-accordion-item-title-icon'>\n\t\t\t<span class='e-opened' ><i aria-hidden=\"true\" class=\"fas fa-minus\"><\/i><\/span>\n\t\t\t<span class='e-closed'><i aria-hidden=\"true\" class=\"fas fa-plus\"><\/i><\/span>\n\t\t<\/span>\n\n\t\t\t\t\t\t<\/summary>\n\t\t\t\t<div role=\"region\" aria-labelledby=\"e-n-accordion-item-5424\" class=\"elementor-element elementor-element-1fa35cb7 e-con-full e-flex e-con e-child\" data-id=\"1fa35cb7\" data-element_type=\"container\" data-e-type=\"container\">\n\t\t\t\t<div class=\"elementor-element elementor-element-15b06e02 elementor-widget elementor-widget-text-editor\" data-id=\"15b06e02\" data-element_type=\"widget\" data-e-type=\"widget\" data-widget_type=\"text-editor.default\">\n\t\t\t\t<div class=\"elementor-widget-container\">\n\t\t\t\t\t\t\t\t\t<p>Wir \u00e4ndern nichts an deinen Antworten und Geschichten; wir drucken nur das, was du geschrieben hast.<\/p><p>Allerdings kann dir <a href=\"https:\/\/helpdesk.meminto.com\/de\/article\/wie-nutze-ich-ki-funktionen-zum-schreiben-oder-anpassen-meiner-texte-und-antworten-im-buch-s45u5w\/\" target=\"_blank\" rel=\"nofollow noopener\">Meminto AI dabei helfen, deine Texte zu verbessern<\/a>, indem es Rechtschreibung und Grammatik korrigiert und das Schreiben ansprechender macht. Du kannst Texte k\u00fcrzen, erweitern, \u00fcbersetzen und anpassen \u2014 alles mit nur einem Klick.<\/p>\t\t\t\t\t\t\t\t<\/div>\n\t\t\t\t<\/div>\n\t\t\t\t<\/div>\n\t\t\t\t\t<\/details>\n\t\t\t\t\t\t<details id=\"e-n-accordion-item-5425\" class=\"e-n-accordion-item\" >\n\t\t\t\t<summary class=\"e-n-accordion-item-title\" data-accordion-index=\"6\" tabindex=\"-1\" aria-expanded=\"false\" aria-controls=\"e-n-accordion-item-5425\" >\n\t\t\t\t\t<span class='e-n-accordion-item-title-header'><div class=\"e-n-accordion-item-title-text\"> Wie wird meine Privatsph\u00e4re gesch\u00fctzt? <\/div><\/span>\n\t\t\t\t\t\t\t<span class='e-n-accordion-item-title-icon'>\n\t\t\t<span class='e-opened' ><i aria-hidden=\"true\" class=\"fas fa-minus\"><\/i><\/span>\n\t\t\t<span class='e-closed'><i aria-hidden=\"true\" class=\"fas fa-plus\"><\/i><\/span>\n\t\t<\/span>\n\n\t\t\t\t\t\t<\/summary>\n\t\t\t\t<div role=\"region\" aria-labelledby=\"e-n-accordion-item-5425\" class=\"elementor-element elementor-element-40a29f8c e-con-full e-flex e-con e-child\" data-id=\"40a29f8c\" data-element_type=\"container\" data-e-type=\"container\">\n\t\t\t\t<div class=\"elementor-element elementor-element-6690c564 elementor-widget elementor-widget-text-editor\" data-id=\"6690c564\" data-element_type=\"widget\" data-e-type=\"widget\" data-widget_type=\"text-editor.default\">\n\t\t\t\t<div class=\"elementor-widget-container\">\n\t\t\t\t\t\t\t\t\t<p>Deine Privatsph\u00e4re ist uns wichtig. Wir halten uns an die DSGVO, speichern deine Antworten sicher und bieten eine Zwei-Faktor-Authentifizierung, um dein Konto zu sch\u00fctzen.<\/p><p>Anders als andere teilt oder verkauft Meminto deine Daten nicht, sodass deine Geschichten privat bleiben und sorgf\u00e4ltig behandelt werden.<\/p>\t\t\t\t\t\t\t\t<\/div>\n\t\t\t\t<\/div>\n\t\t\t\t<\/div>\n\t\t\t\t\t<\/details>\n\t\t\t\t\t\t<details id=\"e-n-accordion-item-5426\" class=\"e-n-accordion-item\" >\n\t\t\t\t<summary class=\"e-n-accordion-item-title\" data-accordion-index=\"7\" tabindex=\"-1\" aria-expanded=\"false\" aria-controls=\"e-n-accordion-item-5426\" >\n\t\t\t\t\t<span class='e-n-accordion-item-title-header'><div class=\"e-n-accordion-item-title-text\"> L\u00e4sst sich Meminto vorher testen? <\/div><\/span>\n\t\t\t\t\t\t\t<span class='e-n-accordion-item-title-icon'>\n\t\t\t<span class='e-opened' ><i aria-hidden=\"true\" class=\"fas fa-minus\"><\/i><\/span>\n\t\t\t<span class='e-closed'><i aria-hidden=\"true\" class=\"fas fa-plus\"><\/i><\/span>\n\t\t<\/span>\n\n\t\t\t\t\t\t<\/summary>\n\t\t\t\t<div role=\"region\" aria-labelledby=\"e-n-accordion-item-5426\" class=\"elementor-element elementor-element-6501a17 e-con-full e-flex e-con e-child\" data-id=\"6501a17\" data-element_type=\"container\" data-e-type=\"container\">\n\t\t\t\t<div class=\"elementor-element elementor-element-c8c3ed5 elementor-widget elementor-widget-text-editor\" data-id=\"c8c3ed5\" data-element_type=\"widget\" data-e-type=\"widget\" data-widget_type=\"text-editor.default\">\n\t\t\t\t<div class=\"elementor-widget-container\">\n\t\t\t\t\t\t\t\t\t<p><strong>Ja, wir wollen, dass du genau wei\u00dft, was dich erwartet und wirklich zufrieden bist.<\/strong><\/p><p>Du hast die M\u00f6glichkeit, hier ein kostenloses Mini-Buch zu beginnen. Wir suchen statt der 52 Fragen erst einmal neun f\u00fcr dich aus. Wenn dir gef\u00e4llt, wie wir dir dich an vielleicht vergessene Situationen erinnern und du mit der Meminto Software auf dem Desktop-PC oder Smartphone gut zurecht kommst, kannst du auch direkt upgraden.<\/p><p><a href=\"https:\/\/meminto.com\/app\/free\" target=\"_blank\" rel=\"noopener\"><strong>Starte dein kostenloses Mini-Buch einfach hier!<\/strong><\/a><\/p>\t\t\t\t\t\t\t\t<\/div>\n\t\t\t\t<\/div>\n\t\t\t\t<\/div>\n\t\t\t\t\t<\/details>\n\t\t\t\t\t<\/div>\n\t\t\t\t\t\t<\/div>\n\t\t\t\t<\/div>\n\t\t<div class=\"elementor-element elementor-element-0354a1a e-flex e-con-boxed e-con e-child\" data-id=\"0354a1a\" data-element_type=\"container\" data-e-type=\"container\">\n\t\t\t\t\t<div class=\"e-con-inner\">\n\t\t\t\t<div class=\"elementor-element elementor-element-2ee118a8 elementor-align-center elementor-mobile-align-center more-answers elementor-widget elementor-widget-button\" data-id=\"2ee118a8\" data-element_type=\"widget\" data-e-type=\"widget\" data-widget_type=\"button.default\">\n\t\t\t\t<div class=\"elementor-widget-container\">\n\t\t\t\t\t\t\t\t\t<div class=\"elementor-button-wrapper\">\n\t\t\t\t\t<a class=\"elementor-button elementor-button-link elementor-size-md\" href=\"https:\/\/meminto.com\/de\/sprich-mit-peter\/\">\n\t\t\t\t\t\t<span class=\"elementor-button-content-wrapper\">\n\t\t\t\t\t\t\t\t\t<span class=\"elementor-button-text\">Mehr Antworten &rarr;<\/span>\n\t\t\t\t\t<\/span>\n\t\t\t\t\t<\/a>\n\t\t\t\t<\/div>\n\t\t\t\t\t\t\t\t<\/div>\n\t\t\t\t<\/div>\n\t\t\t\t\t<\/div>\n\t\t\t\t<\/div>\n\t\t\t\t<\/div>\n\t\t\t\t<\/div>\n\t\t\t\t\t<\/div>\n\t\t\t\t<\/div>\n\t\t\t\t<\/div>\n\t\t\t\t<\/div>\n\t\t\t\t\t\t<\/div>\n\t\t\t\t<\/div>\n\t\t\t\t<\/div>\n\t\t<div class=\"elementor-element elementor-element-c82774b e-con-full e-flex e-con e-child\" data-id=\"c82774b\" data-element_type=\"container\" data-e-type=\"container\">\n\t\t\t\t<div class=\"elementor-element elementor-element-4a5ec26 elementor-widget elementor-widget-html\" data-id=\"4a5ec26\" data-element_type=\"widget\" data-e-type=\"widget\" data-widget_type=\"html.default\">\n\t\t\t\t<div class=\"elementor-widget-container\">\n\t\t\t\t\t<iframe\nsrc=\"https:\/\/www.chatbase.co\/chatbot-iframe\/zhldm1qReCjUgXZhEU7ZG\"\ntitle=\"Chatbot\"\nwidth=\"100%\"\nstyle=\"height: 100%; min-height: 700px\"\nframeborder=\"0\"\n><\/iframe>\n\t\t\t\t<\/div>\n\t\t\t\t<\/div>\n\t\t\t\t<\/div>\n\t\t\t\t\t<\/div>\n\t\t\t\t<\/div>\n\t\t\t\t<\/div>\n\t\t","protected":false},"excerpt":{"rendered":"","protected":false},"author":1,"featured_media":0,"parent":0,"menu_order":0,"comment_status":"closed","ping_status":"closed","template":"","meta":{"_acf_changed":false,"ocean_post_layout":"full-screen","ocean_both_sidebars_style":"","ocean_both_sidebars_content_width":0,"ocean_both_sidebars_sidebars_width":0,"ocean_sidebar":"0","ocean_second_sidebar":"0","ocean_disable_margins":"enable","ocean_add_body_class":"mem-home-2023","ocean_shortcode_before_top_bar":"","ocean_shortcode_after_top_bar":"","ocean_shortcode_before_header":"","ocean_shortcode_after_header":"","ocean_has_shortcode":"","ocean_shortcode_after_title":"","ocean_shortcode_before_footer_widgets":"","ocean_shortcode_after_footer_widgets":"","ocean_shortcode_before_footer_bottom":"","ocean_shortcode_after_footer_bottom":"","ocean_display_top_bar":"default","ocean_display_header":"default","ocean_header_style":"","ocean_center_header_left_menu":"0","ocean_custom_header_template":"0","ocean_custom_logo":0,"ocean_custom_retina_logo":0,"ocean_custom_logo_max_width":0,"ocean_custom_logo_tablet_max_width":0,"ocean_custom_logo_mobile_max_width":0,"ocean_custom_logo_max_height":0,"ocean_custom_logo_tablet_max_height":0,"ocean_custom_logo_mobile_max_height":0,"ocean_header_custom_menu":"0","ocean_menu_typo_font_family":"0","ocean_menu_typo_font_subset":"","ocean_menu_typo_font_size":0,"ocean_menu_typo_font_size_tablet":0,"ocean_menu_typo_font_size_mobile":0,"ocean_menu_typo_font_size_unit":"px","ocean_menu_typo_font_weight":"","ocean_menu_typo_font_weight_tablet":"","ocean_menu_typo_font_weight_mobile":"","ocean_menu_typo_transform":"","ocean_menu_typo_transform_tablet":"","ocean_menu_typo_transform_mobile":"","ocean_menu_typo_line_height":0,"ocean_menu_typo_line_height_tablet":0,"ocean_menu_typo_line_height_mobile":0,"ocean_menu_typo_line_height_unit":"","ocean_menu_typo_spacing":0,"ocean_menu_typo_spacing_tablet":0,"ocean_menu_typo_spacing_mobile":0,"ocean_menu_typo_spacing_unit":"","ocean_menu_link_color":"","ocean_menu_link_color_hover":"","ocean_menu_link_color_active":"","ocean_menu_link_background":"","ocean_menu_link_hover_background":"","ocean_menu_link_active_background":"","ocean_menu_social_links_bg":"","ocean_menu_social_hover_links_bg":"","ocean_menu_social_links_color":"","ocean_menu_social_hover_links_color":"","ocean_disable_title":"default","ocean_disable_heading":"default","ocean_post_title":"","ocean_post_subheading":"","ocean_post_title_style":"","ocean_post_title_background_color":"","ocean_post_title_background":0,"ocean_post_title_bg_image_position":"","ocean_post_title_bg_image_attachment":"","ocean_post_title_bg_image_repeat":"","ocean_post_title_bg_image_size":"","ocean_post_title_height":0,"ocean_post_title_bg_overlay":0.5,"ocean_post_title_bg_overlay_color":"","ocean_disable_breadcrumbs":"default","ocean_breadcrumbs_color":"","ocean_breadcrumbs_separator_color":"","ocean_breadcrumbs_links_color":"","ocean_breadcrumbs_links_hover_color":"","ocean_display_footer_widgets":"default","ocean_display_footer_bottom":"default","ocean_custom_footer_template":"0","osp_disable_panel":"default","footnotes":""},"wf_page_folders":[],"class_list":["post-19768","page","type-page","status-publish","hentry","entry","owp-thumbs-layout-horizontal","owp-btn-normal","owp-tabs-layout-horizontal","has-no-thumbnails"],"acf":[],"_links":{"self":[{"href":"https:\/\/meminto.com\/de\/wp-json\/wp\/v2\/pages\/19768","targetHints":{"allow":["GET"]}}],"collection":[{"href":"https:\/\/meminto.com\/de\/wp-json\/wp\/v2\/pages"}],"about":[{"href":"https:\/\/meminto.com\/de\/wp-json\/wp\/v2\/types\/page"}],"author":[{"embeddable":true,"href":"https:\/\/meminto.com\/de\/wp-json\/wp\/v2\/users\/1"}],"replies":[{"embeddable":true,"href":"https:\/\/meminto.com\/de\/wp-json\/wp\/v2\/comments?post=19768"}],"version-history":[{"count":10,"href":"https:\/\/meminto.com\/de\/wp-json\/wp\/v2\/pages\/19768\/revisions"}],"predecessor-version":[{"id":30740,"href":"https:\/\/meminto.com\/de\/wp-json\/wp\/v2\/pages\/19768\/revisions\/30740"}],"wp:attachment":[{"href":"https:\/\/meminto.com\/de\/wp-json\/wp\/v2\/media?parent=19768"}],"wp:term":[{"taxonomy":"wf_page_folders","embeddable":true,"href":"https:\/\/meminto.com\/de\/wp-json\/wp\/v2\/wf_page_folders?post=19768"}],"curies":[{"name":"wp","href":"https:\/\/api.w.org\/{rel}","templated":true}]}}