{"id":12073,"date":"2022-09-09T15:36:04","date_gmt":"2022-09-09T13:36:04","guid":{"rendered":"https:\/\/meminto.com\/de\/?page_id=12073"},"modified":"2023-04-03T13:48:44","modified_gmt":"2023-04-03T11:48:44","slug":"bundles-fuer-grosshaendler","status":"publish","type":"page","link":"https:\/\/meminto.com\/de\/bundles-fuer-grosshaendler\/","title":{"rendered":"Meminto Bundles f\u00fcr Gro\u00dfh\u00e4ndler"},"content":{"rendered":"\t\t<div data-elementor-type=\"wp-page\" data-elementor-id=\"12073\" class=\"elementor elementor-12073\" data-elementor-post-type=\"page\">\n\t\t\t\t\t\t<section class=\"elementor-section elementor-top-section elementor-element elementor-element-9cd6028 elementor-section-height-min-height elementor-section-stretched elementor-section-boxed elementor-section-height-default elementor-section-items-middle\" data-id=\"9cd6028\" data-element_type=\"section\" data-e-type=\"section\" data-settings=\"{&quot;background_background&quot;:&quot;slideshow&quot;,&quot;stretch_section&quot;:&quot;section-stretched&quot;,&quot;background_slideshow_gallery&quot;:[],&quot;background_slideshow_loop&quot;:&quot;yes&quot;,&quot;background_slideshow_slide_duration&quot;:5000,&quot;background_slideshow_slide_transition&quot;:&quot;fade&quot;,&quot;background_slideshow_transition_duration&quot;:500}\">\n\t\t\t\t\t\t\t<div class=\"elementor-background-overlay\"><\/div>\n\t\t\t\t\t\t\t<div class=\"elementor-container elementor-column-gap-default\">\n\t\t\t\t\t<div class=\"elementor-column elementor-col-100 elementor-top-column elementor-element elementor-element-d97546d\" data-id=\"d97546d\" data-element_type=\"column\" data-e-type=\"column\">\n\t\t\t<div class=\"elementor-widget-wrap elementor-element-populated\">\n\t\t\t\t\t\t<div class=\"elementor-element elementor-element-5ac9f83 elementor-widget elementor-widget-heading\" data-id=\"5ac9f83\" data-element_type=\"widget\" data-e-type=\"widget\" data-widget_type=\"heading.default\">\n\t\t\t\t<div class=\"elementor-widget-container\">\n\t\t\t\t\t<h1 class=\"elementor-heading-title elementor-size-default\">Meminto Bundles f\u00fcr Gro\u00dfh\u00e4ndler<\/h1>\t\t\t\t<\/div>\n\t\t\t\t<\/div>\n\t\t\t\t\t<\/div>\n\t\t<\/div>\n\t\t\t\t\t<\/div>\n\t\t<\/section>\n\t\t\t\t<section class=\"elementor-section elementor-top-section elementor-element elementor-element-34f6ff3 elementor-section-boxed elementor-section-height-default elementor-section-height-default\" data-id=\"34f6ff3\" data-element_type=\"section\" data-e-type=\"section\">\n\t\t\t\t\t\t<div class=\"elementor-container elementor-column-gap-default\">\n\t\t\t\t\t<div class=\"elementor-column elementor-col-100 elementor-top-column elementor-element elementor-element-e000f89\" data-id=\"e000f89\" data-element_type=\"column\" data-e-type=\"column\">\n\t\t\t<div class=\"elementor-widget-wrap elementor-element-populated\">\n\t\t\t\t\t\t<div class=\"elementor-element elementor-element-1857ff9 elementor-hidden-phone elementor-widget elementor-widget-heading\" data-id=\"1857ff9\" data-element_type=\"widget\" data-e-type=\"widget\" data-widget_type=\"heading.default\">\n\t\t\t\t<div class=\"elementor-widget-container\">\n\t\t\t\t\t<h3 class=\"elementor-heading-title elementor-size-default\">Unsere Meminto Stories B\u00fccher<\/h3>\t\t\t\t<\/div>\n\t\t\t\t<\/div>\n\t\t\t\t<div class=\"elementor-element elementor-element-114e6bd elementor-widget elementor-widget-text-editor\" data-id=\"114e6bd\" data-element_type=\"widget\" data-e-type=\"widget\" data-widget_type=\"text-editor.default\">\n\t\t\t\t<div class=\"elementor-widget-container\">\n\t\t\t\t\t\t\t\t\t<p style=\"text-align: center;\">Wenn Sie als H\u00e4ndler Ihren Kunden die M\u00f6glichkeit geben m\u00f6chten, Meminto Produkte direkt in Ihrem Ladengesch\u00e4ft zu kaufen, k\u00f6nnen Sie nach Vorlage Ihres Gewerbenachweises und unserer Pr\u00fcfung folgende Meminto Bundles zu Top-Konditionen bestellen:<\/p>\t\t\t\t\t\t\t\t<\/div>\n\t\t\t\t<\/div>\n\t\t\t\t<div class=\"elementor-element elementor-element-ed2c2fc elementor-grid-3 elementor-grid-tablet-3 elementor-grid-mobile-2 elementor-products-grid elementor-wc-products elementor-widget elementor-widget-woocommerce-products\" data-id=\"ed2c2fc\" data-element_type=\"widget\" data-e-type=\"widget\" data-widget_type=\"woocommerce-products.default\">\n\t\t\t\t<div class=\"elementor-widget-container\">\n\t\t\t\t\t<div class=\"woocommerce columns-3 \">\r\n<ul class=\"products elementor-grid oceanwp-row clr grid tablet-col tablet-2-col mobile-col mobile-1-col\">\r\n<li class=\"entry has-media tm-no-options col span_1_of_3 owp-content-center owp-thumbs-layout-horizontal owp-btn-normal owp-tabs-layout-horizontal product type-product post-12019 status-publish first instock product_cat-bundles has-post-thumbnail sale taxable shipping-taxable purchasable product-type-simple\">\n\t<div class=\"product-inner clr\">\n\t<div class=\"woo-entry-image clr\">\n\t\t<a href=\"https:\/\/meminto.com\/de\/produkt\/product-bundle-s-fuer-grosshaendler\/\" class=\"woocommerce-LoopProduct-link\"><img fetchpriority=\"high\" decoding=\"async\" width=\"300\" height=\"300\" src=\"https:\/\/meminto.com\/de\/wp-content\/uploads\/sites\/2\/2022\/09\/1358_Meminto-300x300.jpg\" class=\"woo-entry-image-main\" alt=\"Product Bundle S f\u00fcr Gro\u00dfh\u00e4ndler\" itemprop=\"image\" srcset=\"https:\/\/meminto.com\/de\/wp-content\/uploads\/sites\/2\/2022\/09\/1358_Meminto-300x300.jpg 300w, https:\/\/meminto.com\/de\/wp-content\/uploads\/sites\/2\/2022\/09\/1358_Meminto-1024x1024.jpg 1024w, https:\/\/meminto.com\/de\/wp-content\/uploads\/sites\/2\/2022\/09\/1358_Meminto-150x150.jpg 150w, https:\/\/meminto.com\/de\/wp-content\/uploads\/sites\/2\/2022\/09\/1358_Meminto-768x768.jpg 768w, https:\/\/meminto.com\/de\/wp-content\/uploads\/sites\/2\/2022\/09\/1358_Meminto-60x60.jpg 60w, https:\/\/meminto.com\/de\/wp-content\/uploads\/sites\/2\/2022\/09\/1358_Meminto-110x110.jpg 110w, https:\/\/meminto.com\/de\/wp-content\/uploads\/sites\/2\/2022\/09\/1358_Meminto-1536x1536.jpg 1536w, https:\/\/meminto.com\/de\/wp-content\/uploads\/sites\/2\/2022\/09\/1358_Meminto-2048x2048.jpg 2048w, https:\/\/meminto.com\/de\/wp-content\/uploads\/sites\/2\/2022\/09\/1358_Meminto-600x600.jpg 600w, https:\/\/meminto.com\/de\/wp-content\/uploads\/sites\/2\/2022\/09\/1358_Meminto-100x100.jpg 100w, https:\/\/meminto.com\/de\/wp-content\/uploads\/sites\/2\/2022\/09\/1358_Meminto-50x50.jpg 50w, https:\/\/meminto.com\/de\/wp-content\/uploads\/sites\/2\/2022\/09\/1358_Meminto-32x32.jpg 32w\" sizes=\"(max-width: 300px) 100vw, 300px\" \/><\/a>\t<\/div><!-- .woo-entry-image -->\n\n\t<ul class=\"woo-entry-inner clr\"><li class=\"image-wrap\">\n\t<span class=\"onsale\">Angebot!<\/span>\n\t\n\t<div class=\"woo-entry-image clr\">\n\t\t<a href=\"https:\/\/meminto.com\/de\/produkt\/product-bundle-s-fuer-grosshaendler\/\" class=\"woocommerce-LoopProduct-link\"><img fetchpriority=\"high\" decoding=\"async\" width=\"300\" height=\"300\" src=\"https:\/\/meminto.com\/de\/wp-content\/uploads\/sites\/2\/2022\/09\/1358_Meminto-300x300.jpg\" class=\"woo-entry-image-main\" alt=\"Product Bundle S f\u00fcr Gro\u00dfh\u00e4ndler\" itemprop=\"image\" srcset=\"https:\/\/meminto.com\/de\/wp-content\/uploads\/sites\/2\/2022\/09\/1358_Meminto-300x300.jpg 300w, https:\/\/meminto.com\/de\/wp-content\/uploads\/sites\/2\/2022\/09\/1358_Meminto-1024x1024.jpg 1024w, https:\/\/meminto.com\/de\/wp-content\/uploads\/sites\/2\/2022\/09\/1358_Meminto-150x150.jpg 150w, https:\/\/meminto.com\/de\/wp-content\/uploads\/sites\/2\/2022\/09\/1358_Meminto-768x768.jpg 768w, https:\/\/meminto.com\/de\/wp-content\/uploads\/sites\/2\/2022\/09\/1358_Meminto-60x60.jpg 60w, https:\/\/meminto.com\/de\/wp-content\/uploads\/sites\/2\/2022\/09\/1358_Meminto-110x110.jpg 110w, https:\/\/meminto.com\/de\/wp-content\/uploads\/sites\/2\/2022\/09\/1358_Meminto-1536x1536.jpg 1536w, https:\/\/meminto.com\/de\/wp-content\/uploads\/sites\/2\/2022\/09\/1358_Meminto-2048x2048.jpg 2048w, https:\/\/meminto.com\/de\/wp-content\/uploads\/sites\/2\/2022\/09\/1358_Meminto-600x600.jpg 600w, https:\/\/meminto.com\/de\/wp-content\/uploads\/sites\/2\/2022\/09\/1358_Meminto-100x100.jpg 100w, https:\/\/meminto.com\/de\/wp-content\/uploads\/sites\/2\/2022\/09\/1358_Meminto-50x50.jpg 50w, https:\/\/meminto.com\/de\/wp-content\/uploads\/sites\/2\/2022\/09\/1358_Meminto-32x32.jpg 32w\" sizes=\"(max-width: 300px) 100vw, 300px\" \/><\/a>\t<\/div><!-- .woo-entry-image -->\n\n\t<\/li><li class=\"title\"><h2><a href=\"https:\/\/meminto.com\/de\/produkt\/product-bundle-s-fuer-grosshaendler\/\">Product Bundle S f\u00fcr Gro\u00dfh\u00e4ndler<\/a><\/h2><\/li><li class=\"price-wrap\">\n\t<span class=\"price\"><del aria-hidden=\"true\"><span class=\"woocommerce-Price-amount amount\"><bdi><span class=\"woocommerce-Price-currencySymbol\">&euro;<\/span>1.068,30<\/bdi><\/span><\/del> <span class=\"screen-reader-text\">Urspr\u00fcnglicher Preis war: &euro;1.068,30<\/span><ins aria-hidden=\"true\"><span class=\"woocommerce-Price-amount amount\"><bdi><span class=\"woocommerce-Price-currencySymbol\">&euro;<\/span>697,32<\/bdi><\/span><\/ins><span class=\"screen-reader-text\">Aktueller Preis ist: &euro;697,32.<\/span> <small><\/small> <small><\/small><\/span>\n<\/li><\/a>\n\t\t<div class=\"wgm-info woocommerce-de_price_taxrate \"><\/div>\n\t\t<div class=\"wgm-info woocommerce_de_versandkosten\">zzgl. <a class=\"versandkosten\" href=\"https:\/\/meminto.com\/de\/versand-lieferung\/\" target=\"_blank\">Versand<\/a><\/div><\/ul><\/div><!-- .product-inner .clr -->\t\t\t<input type=\"hidden\" class=\"pmwProductId\" data-id=\"12019\">\n\t\t\t\t\t<script>\n\t\t\t(window.pmwDataLayer = window.pmwDataLayer || {}).products                = window.pmwDataLayer.products || {};\n\t\t\twindow.pmwDataLayer.products[12019] = {\"id\":\"12019\",\"sku\":\"B-S\",\"price\":697.3200000000000500222085975110530853271484375,\"brand\":\"\",\"quantity\":1,\"dyn_r_ids\":{\"post_id\":\"12019\",\"sku\":\"B-S\",\"gpf\":\"woocommerce_gpf_12019\",\"gla\":\"gla_12019\"},\"is_variable\":false,\"type\":\"simple\",\"name\":\"Product Bundle S f\u00fcr Gro\u00dfh\u00e4ndler\",\"category\":[\"Bundles\"],\"is_variation\":false};\n\t\t\t\t\twindow.pmw_product_position = window.pmw_product_position || 1;\n\t\twindow.pmwDataLayer.products[12019]['position'] = window.pmw_product_position++;\n\t\t\t\t<\/script>\n\t\t<\/li>\n<li class=\"entry has-media col span_1_of_3 owp-content-center owp-thumbs-layout-horizontal owp-btn-normal owp-tabs-layout-horizontal product type-product post-11993 status-publish instock product_cat-bundles has-post-thumbnail sale taxable shipping-taxable purchasable product-type-simple\">\n\t<div class=\"product-inner clr\">\n\t<div class=\"woo-entry-image clr\">\n\t\t<a href=\"https:\/\/meminto.com\/de\/produkt\/product-bundle-m-fuer-grosshaendler\/\" class=\"woocommerce-LoopProduct-link\"><img decoding=\"async\" width=\"300\" height=\"300\" src=\"https:\/\/meminto.com\/de\/wp-content\/uploads\/sites\/2\/2022\/09\/1358_Meminto-300x300.jpg\" class=\"woo-entry-image-main\" alt=\"Product Bundle M f\u00fcr Gro\u00dfh\u00e4ndler\" itemprop=\"image\" srcset=\"https:\/\/meminto.com\/de\/wp-content\/uploads\/sites\/2\/2022\/09\/1358_Meminto-300x300.jpg 300w, https:\/\/meminto.com\/de\/wp-content\/uploads\/sites\/2\/2022\/09\/1358_Meminto-1024x1024.jpg 1024w, https:\/\/meminto.com\/de\/wp-content\/uploads\/sites\/2\/2022\/09\/1358_Meminto-150x150.jpg 150w, https:\/\/meminto.com\/de\/wp-content\/uploads\/sites\/2\/2022\/09\/1358_Meminto-768x768.jpg 768w, https:\/\/meminto.com\/de\/wp-content\/uploads\/sites\/2\/2022\/09\/1358_Meminto-60x60.jpg 60w, https:\/\/meminto.com\/de\/wp-content\/uploads\/sites\/2\/2022\/09\/1358_Meminto-110x110.jpg 110w, https:\/\/meminto.com\/de\/wp-content\/uploads\/sites\/2\/2022\/09\/1358_Meminto-1536x1536.jpg 1536w, https:\/\/meminto.com\/de\/wp-content\/uploads\/sites\/2\/2022\/09\/1358_Meminto-2048x2048.jpg 2048w, https:\/\/meminto.com\/de\/wp-content\/uploads\/sites\/2\/2022\/09\/1358_Meminto-600x600.jpg 600w, https:\/\/meminto.com\/de\/wp-content\/uploads\/sites\/2\/2022\/09\/1358_Meminto-100x100.jpg 100w, https:\/\/meminto.com\/de\/wp-content\/uploads\/sites\/2\/2022\/09\/1358_Meminto-50x50.jpg 50w, https:\/\/meminto.com\/de\/wp-content\/uploads\/sites\/2\/2022\/09\/1358_Meminto-32x32.jpg 32w\" sizes=\"(max-width: 300px) 100vw, 300px\" \/><\/a>\t<\/div><!-- .woo-entry-image -->\n\n\t<ul class=\"woo-entry-inner clr\"><li class=\"image-wrap\">\n\t<span class=\"onsale\">Angebot!<\/span>\n\t\n\t<div class=\"woo-entry-image clr\">\n\t\t<a href=\"https:\/\/meminto.com\/de\/produkt\/product-bundle-m-fuer-grosshaendler\/\" class=\"woocommerce-LoopProduct-link\"><img decoding=\"async\" width=\"300\" height=\"300\" src=\"https:\/\/meminto.com\/de\/wp-content\/uploads\/sites\/2\/2022\/09\/1358_Meminto-300x300.jpg\" class=\"woo-entry-image-main\" alt=\"Product Bundle M f\u00fcr Gro\u00dfh\u00e4ndler\" itemprop=\"image\" srcset=\"https:\/\/meminto.com\/de\/wp-content\/uploads\/sites\/2\/2022\/09\/1358_Meminto-300x300.jpg 300w, https:\/\/meminto.com\/de\/wp-content\/uploads\/sites\/2\/2022\/09\/1358_Meminto-1024x1024.jpg 1024w, https:\/\/meminto.com\/de\/wp-content\/uploads\/sites\/2\/2022\/09\/1358_Meminto-150x150.jpg 150w, https:\/\/meminto.com\/de\/wp-content\/uploads\/sites\/2\/2022\/09\/1358_Meminto-768x768.jpg 768w, https:\/\/meminto.com\/de\/wp-content\/uploads\/sites\/2\/2022\/09\/1358_Meminto-60x60.jpg 60w, https:\/\/meminto.com\/de\/wp-content\/uploads\/sites\/2\/2022\/09\/1358_Meminto-110x110.jpg 110w, https:\/\/meminto.com\/de\/wp-content\/uploads\/sites\/2\/2022\/09\/1358_Meminto-1536x1536.jpg 1536w, https:\/\/meminto.com\/de\/wp-content\/uploads\/sites\/2\/2022\/09\/1358_Meminto-2048x2048.jpg 2048w, https:\/\/meminto.com\/de\/wp-content\/uploads\/sites\/2\/2022\/09\/1358_Meminto-600x600.jpg 600w, https:\/\/meminto.com\/de\/wp-content\/uploads\/sites\/2\/2022\/09\/1358_Meminto-100x100.jpg 100w, https:\/\/meminto.com\/de\/wp-content\/uploads\/sites\/2\/2022\/09\/1358_Meminto-50x50.jpg 50w, https:\/\/meminto.com\/de\/wp-content\/uploads\/sites\/2\/2022\/09\/1358_Meminto-32x32.jpg 32w\" sizes=\"(max-width: 300px) 100vw, 300px\" \/><\/a>\t<\/div><!-- .woo-entry-image -->\n\n\t<\/li><li class=\"title\"><h2><a href=\"https:\/\/meminto.com\/de\/produkt\/product-bundle-m-fuer-grosshaendler\/\">Product Bundle M f\u00fcr Gro\u00dfh\u00e4ndler<\/a><\/h2><\/li><li class=\"price-wrap\">\n\t<span class=\"price\"><del aria-hidden=\"true\"><span class=\"woocommerce-Price-amount amount\"><bdi><span class=\"woocommerce-Price-currencySymbol\">&euro;<\/span>1.975,60<\/bdi><\/span><\/del> <span class=\"screen-reader-text\">Urspr\u00fcnglicher Preis war: &euro;1.975,60<\/span><ins aria-hidden=\"true\"><span class=\"woocommerce-Price-amount amount\"><bdi><span class=\"woocommerce-Price-currencySymbol\">&euro;<\/span>1.186,43<\/bdi><\/span><\/ins><span class=\"screen-reader-text\">Aktueller Preis ist: &euro;1.186,43.<\/span> <small><\/small> <small><\/small><\/span>\n<\/li><\/a>\n\t\t<div class=\"wgm-info woocommerce-de_price_taxrate \"><\/div>\n\t\t<div class=\"wgm-info woocommerce_de_versandkosten\">zzgl. <a class=\"versandkosten\" href=\"https:\/\/meminto.com\/de\/versand-lieferung\/\" target=\"_blank\">Versand<\/a><\/div><\/ul><\/div><!-- .product-inner .clr -->\t\t\t<input type=\"hidden\" class=\"pmwProductId\" data-id=\"11993\">\n\t\t\t\t\t<script>\n\t\t\t(window.pmwDataLayer = window.pmwDataLayer || {}).products                = window.pmwDataLayer.products || {};\n\t\t\twindow.pmwDataLayer.products[11993] = {\"id\":\"11993\",\"sku\":\"B-M\",\"price\":1186.430000000000063664629124104976654052734375,\"brand\":\"\",\"quantity\":1,\"dyn_r_ids\":{\"post_id\":\"11993\",\"sku\":\"B-M\",\"gpf\":\"woocommerce_gpf_11993\",\"gla\":\"gla_11993\"},\"is_variable\":false,\"type\":\"simple\",\"name\":\"Product Bundle M f\u00fcr Gro\u00dfh\u00e4ndler\",\"category\":[\"Bundles\"],\"is_variation\":false};\n\t\t\t\t\twindow.pmw_product_position = window.pmw_product_position || 1;\n\t\twindow.pmwDataLayer.products[11993]['position'] = window.pmw_product_position++;\n\t\t\t\t<\/script>\n\t\t<\/li>\n<li class=\"entry has-media col span_1_of_3 owp-content-center owp-thumbs-layout-horizontal owp-btn-normal owp-tabs-layout-horizontal product type-product post-12017 status-publish last instock product_cat-bundles has-post-thumbnail sale taxable shipping-taxable purchasable product-type-simple\">\n\t<div class=\"product-inner clr\">\n\t<div class=\"woo-entry-image clr\">\n\t\t<a href=\"https:\/\/meminto.com\/de\/produkt\/product-bundle-l-fuer-grosshaendler\/\" class=\"woocommerce-LoopProduct-link\"><img decoding=\"async\" width=\"300\" height=\"300\" src=\"https:\/\/meminto.com\/de\/wp-content\/uploads\/sites\/2\/2022\/09\/1358_Meminto-300x300.jpg\" class=\"woo-entry-image-main\" alt=\"Product Bundle L f\u00fcr Gro\u00dfh\u00e4ndler\" itemprop=\"image\" srcset=\"https:\/\/meminto.com\/de\/wp-content\/uploads\/sites\/2\/2022\/09\/1358_Meminto-300x300.jpg 300w, https:\/\/meminto.com\/de\/wp-content\/uploads\/sites\/2\/2022\/09\/1358_Meminto-1024x1024.jpg 1024w, https:\/\/meminto.com\/de\/wp-content\/uploads\/sites\/2\/2022\/09\/1358_Meminto-150x150.jpg 150w, https:\/\/meminto.com\/de\/wp-content\/uploads\/sites\/2\/2022\/09\/1358_Meminto-768x768.jpg 768w, https:\/\/meminto.com\/de\/wp-content\/uploads\/sites\/2\/2022\/09\/1358_Meminto-60x60.jpg 60w, https:\/\/meminto.com\/de\/wp-content\/uploads\/sites\/2\/2022\/09\/1358_Meminto-110x110.jpg 110w, https:\/\/meminto.com\/de\/wp-content\/uploads\/sites\/2\/2022\/09\/1358_Meminto-1536x1536.jpg 1536w, https:\/\/meminto.com\/de\/wp-content\/uploads\/sites\/2\/2022\/09\/1358_Meminto-2048x2048.jpg 2048w, https:\/\/meminto.com\/de\/wp-content\/uploads\/sites\/2\/2022\/09\/1358_Meminto-600x600.jpg 600w, https:\/\/meminto.com\/de\/wp-content\/uploads\/sites\/2\/2022\/09\/1358_Meminto-100x100.jpg 100w, https:\/\/meminto.com\/de\/wp-content\/uploads\/sites\/2\/2022\/09\/1358_Meminto-50x50.jpg 50w, https:\/\/meminto.com\/de\/wp-content\/uploads\/sites\/2\/2022\/09\/1358_Meminto-32x32.jpg 32w\" sizes=\"(max-width: 300px) 100vw, 300px\" \/><\/a>\t<\/div><!-- .woo-entry-image -->\n\n\t<ul class=\"woo-entry-inner clr\"><li class=\"image-wrap\">\n\t<span class=\"onsale\">Angebot!<\/span>\n\t\n\t<div class=\"woo-entry-image clr\">\n\t\t<a href=\"https:\/\/meminto.com\/de\/produkt\/product-bundle-l-fuer-grosshaendler\/\" class=\"woocommerce-LoopProduct-link\"><img decoding=\"async\" width=\"300\" height=\"300\" src=\"https:\/\/meminto.com\/de\/wp-content\/uploads\/sites\/2\/2022\/09\/1358_Meminto-300x300.jpg\" class=\"woo-entry-image-main\" alt=\"Product Bundle L f\u00fcr Gro\u00dfh\u00e4ndler\" itemprop=\"image\" srcset=\"https:\/\/meminto.com\/de\/wp-content\/uploads\/sites\/2\/2022\/09\/1358_Meminto-300x300.jpg 300w, https:\/\/meminto.com\/de\/wp-content\/uploads\/sites\/2\/2022\/09\/1358_Meminto-1024x1024.jpg 1024w, https:\/\/meminto.com\/de\/wp-content\/uploads\/sites\/2\/2022\/09\/1358_Meminto-150x150.jpg 150w, https:\/\/meminto.com\/de\/wp-content\/uploads\/sites\/2\/2022\/09\/1358_Meminto-768x768.jpg 768w, https:\/\/meminto.com\/de\/wp-content\/uploads\/sites\/2\/2022\/09\/1358_Meminto-60x60.jpg 60w, https:\/\/meminto.com\/de\/wp-content\/uploads\/sites\/2\/2022\/09\/1358_Meminto-110x110.jpg 110w, https:\/\/meminto.com\/de\/wp-content\/uploads\/sites\/2\/2022\/09\/1358_Meminto-1536x1536.jpg 1536w, https:\/\/meminto.com\/de\/wp-content\/uploads\/sites\/2\/2022\/09\/1358_Meminto-2048x2048.jpg 2048w, https:\/\/meminto.com\/de\/wp-content\/uploads\/sites\/2\/2022\/09\/1358_Meminto-600x600.jpg 600w, https:\/\/meminto.com\/de\/wp-content\/uploads\/sites\/2\/2022\/09\/1358_Meminto-100x100.jpg 100w, https:\/\/meminto.com\/de\/wp-content\/uploads\/sites\/2\/2022\/09\/1358_Meminto-50x50.jpg 50w, https:\/\/meminto.com\/de\/wp-content\/uploads\/sites\/2\/2022\/09\/1358_Meminto-32x32.jpg 32w\" sizes=\"(max-width: 300px) 100vw, 300px\" \/><\/a>\t<\/div><!-- .woo-entry-image -->\n\n\t<\/li><li class=\"title\"><h2><a href=\"https:\/\/meminto.com\/de\/produkt\/product-bundle-l-fuer-grosshaendler\/\">Product Bundle L f\u00fcr Gro\u00dfh\u00e4ndler<\/a><\/h2><\/li><li class=\"price-wrap\">\n\t<span class=\"price\"><del aria-hidden=\"true\"><span class=\"woocommerce-Price-amount amount\"><bdi><span class=\"woocommerce-Price-currencySymbol\">&euro;<\/span>3.043,90<\/bdi><\/span><\/del> <span class=\"screen-reader-text\">Urspr\u00fcnglicher Preis war: &euro;3.043,90<\/span><ins aria-hidden=\"true\"><span class=\"woocommerce-Price-amount amount\"><bdi><span class=\"woocommerce-Price-currencySymbol\">&euro;<\/span>1.781,43<\/bdi><\/span><\/ins><span class=\"screen-reader-text\">Aktueller Preis ist: &euro;1.781,43.<\/span> <small><\/small> <small><\/small><\/span>\n<\/li><\/a>\n\t\t<div class=\"wgm-info woocommerce-de_price_taxrate \"><\/div>\n\t\t<div class=\"wgm-info woocommerce_de_versandkosten\">zzgl. <a class=\"versandkosten\" href=\"https:\/\/meminto.com\/de\/versand-lieferung\/\" target=\"_blank\">Versand<\/a><\/div><\/ul><\/div><!-- .product-inner .clr -->\t\t\t<input type=\"hidden\" class=\"pmwProductId\" data-id=\"12017\">\n\t\t\t\t\t<script>\n\t\t\t(window.pmwDataLayer = window.pmwDataLayer || {}).products                = window.pmwDataLayer.products || {};\n\t\t\twindow.pmwDataLayer.products[12017] = {\"id\":\"12017\",\"sku\":\"B-L\",\"price\":1781.430000000000063664629124104976654052734375,\"brand\":\"\",\"quantity\":1,\"dyn_r_ids\":{\"post_id\":\"12017\",\"sku\":\"B-L\",\"gpf\":\"woocommerce_gpf_12017\",\"gla\":\"gla_12017\"},\"is_variable\":false,\"type\":\"simple\",\"name\":\"Product Bundle L f\u00fcr Gro\u00dfh\u00e4ndler\",\"category\":[\"Bundles\"],\"is_variation\":false};\n\t\t\t\t\twindow.pmw_product_position = window.pmw_product_position || 1;\n\t\twindow.pmwDataLayer.products[12017]['position'] = window.pmw_product_position++;\n\t\t\t\t<\/script>\n\t\t<\/li>\n<\/ul>\n<\/div>\t\t\t\t<\/div>\n\t\t\t\t<\/div>\n\t\t\t\t\t<\/div>\n\t\t<\/div>\n\t\t\t\t\t<\/div>\n\t\t<\/section>\n\t\t\t\t<\/div>\n\t\t","protected":false},"excerpt":{"rendered":"<p>Unsere Meminto Stories B\u00fccher Wenn Sie als H\u00e4ndler Ihren Kunden die M\u00f6glichkeit geben m\u00f6chten, Meminto Produkte direkt in Ihrem Ladengesch\u00e4ft zu kaufen, k\u00f6nnen Sie nach Vorlage Ihres Gewerbenachweises und unserer Pr\u00fcfung folgende Meminto Bundles zu Top-Konditionen bestellen:<\/p>\n","protected":false},"author":1,"featured_media":0,"parent":0,"menu_order":0,"comment_status":"closed","ping_status":"closed","template":"","meta":{"_acf_changed":false,"ocean_post_layout":"full-screen","ocean_both_sidebars_style":"","ocean_both_sidebars_content_width":0,"ocean_both_sidebars_sidebars_width":0,"ocean_sidebar":"0","ocean_second_sidebar":"0","ocean_disable_margins":"enable","ocean_add_body_class":"","ocean_shortcode_before_top_bar":"","ocean_shortcode_after_top_bar":"","ocean_shortcode_before_header":"","ocean_shortcode_after_header":"","ocean_has_shortcode":"","ocean_shortcode_after_title":"","ocean_shortcode_before_footer_widgets":"","ocean_shortcode_after_footer_widgets":"","ocean_shortcode_before_footer_bottom":"","ocean_shortcode_after_footer_bottom":"","ocean_display_top_bar":"default","ocean_display_header":"default","ocean_header_style":"","ocean_center_header_left_menu":"0","ocean_custom_header_template":"0","ocean_custom_logo":0,"ocean_custom_retina_logo":0,"ocean_custom_logo_max_width":0,"ocean_custom_logo_tablet_max_width":0,"ocean_custom_logo_mobile_max_width":0,"ocean_custom_logo_max_height":0,"ocean_custom_logo_tablet_max_height":0,"ocean_custom_logo_mobile_max_height":0,"ocean_header_custom_menu":"0","ocean_menu_typo_font_family":"0","ocean_menu_typo_font_subset":"","ocean_menu_typo_font_size":0,"ocean_menu_typo_font_size_tablet":0,"ocean_menu_typo_font_size_mobile":0,"ocean_menu_typo_font_size_unit":"px","ocean_menu_typo_font_weight":"","ocean_menu_typo_font_weight_tablet":"","ocean_menu_typo_font_weight_mobile":"","ocean_menu_typo_transform":"","ocean_menu_typo_transform_tablet":"","ocean_menu_typo_transform_mobile":"","ocean_menu_typo_line_height":0,"ocean_menu_typo_line_height_tablet":0,"ocean_menu_typo_line_height_mobile":0,"ocean_menu_typo_line_height_unit":"","ocean_menu_typo_spacing":0,"ocean_menu_typo_spacing_tablet":0,"ocean_menu_typo_spacing_mobile":0,"ocean_menu_typo_spacing_unit":"","ocean_menu_link_color":"","ocean_menu_link_color_hover":"","ocean_menu_link_color_active":"","ocean_menu_link_background":"","ocean_menu_link_hover_background":"","ocean_menu_link_active_background":"","ocean_menu_social_links_bg":"","ocean_menu_social_hover_links_bg":"","ocean_menu_social_links_color":"","ocean_menu_social_hover_links_color":"","ocean_disable_title":"default","ocean_disable_heading":"default","ocean_post_title":"","ocean_post_subheading":"","ocean_post_title_style":"","ocean_post_title_background_color":"","ocean_post_title_background":0,"ocean_post_title_bg_image_position":"","ocean_post_title_bg_image_attachment":"","ocean_post_title_bg_image_repeat":"","ocean_post_title_bg_image_size":"","ocean_post_title_height":0,"ocean_post_title_bg_overlay":0.5,"ocean_post_title_bg_overlay_color":"","ocean_disable_breadcrumbs":"default","ocean_breadcrumbs_color":"","ocean_breadcrumbs_separator_color":"","ocean_breadcrumbs_links_color":"","ocean_breadcrumbs_links_hover_color":"","ocean_display_footer_widgets":"default","ocean_display_footer_bottom":"default","ocean_custom_footer_template":"0","osp_disable_panel":"default","footnotes":""},"wf_page_folders":[],"class_list":["post-12073","page","type-page","status-publish","hentry","entry","owp-thumbs-layout-horizontal","owp-btn-normal","owp-tabs-layout-horizontal","has-no-thumbnails"],"acf":[],"_links":{"self":[{"href":"https:\/\/meminto.com\/de\/wp-json\/wp\/v2\/pages\/12073","targetHints":{"allow":["GET"]}}],"collection":[{"href":"https:\/\/meminto.com\/de\/wp-json\/wp\/v2\/pages"}],"about":[{"href":"https:\/\/meminto.com\/de\/wp-json\/wp\/v2\/types\/page"}],"author":[{"embeddable":true,"href":"https:\/\/meminto.com\/de\/wp-json\/wp\/v2\/users\/1"}],"replies":[{"embeddable":true,"href":"https:\/\/meminto.com\/de\/wp-json\/wp\/v2\/comments?post=12073"}],"version-history":[{"count":9,"href":"https:\/\/meminto.com\/de\/wp-json\/wp\/v2\/pages\/12073\/revisions"}],"predecessor-version":[{"id":14338,"href":"https:\/\/meminto.com\/de\/wp-json\/wp\/v2\/pages\/12073\/revisions\/14338"}],"wp:attachment":[{"href":"https:\/\/meminto.com\/de\/wp-json\/wp\/v2\/media?parent=12073"}],"wp:term":[{"taxonomy":"wf_page_folders","embeddable":true,"href":"https:\/\/meminto.com\/de\/wp-json\/wp\/v2\/wf_page_folders?post=12073"}],"curies":[{"name":"wp","href":"https:\/\/api.w.org\/{rel}","templated":true}]}}